{"id":11748,"date":"2026-02-01T12:09:00","date_gmt":"2026-02-01T12:09:00","guid":{"rendered":"https:\/\/www.nano-ceramic.com\/aviation\/"},"modified":"2026-04-10T03:25:40","modified_gmt":"2026-04-10T03:25:40","slug":"aviation","status":"publish","type":"page","link":"https:\/\/www.nano-ceramic.com\/es\/aviation\/","title":{"rendered":"AVIATION"},"content":{"rendered":"\t\t<div data-elementor-type=\"wp-page\" data-elementor-id=\"11748\" class=\"elementor elementor-11748 elementor-11173\">\n\t\t\t\t<div class=\"elementor-element elementor-element-dba92e3 e-flex e-con-boxed e-con e-parent\" data-id=\"dba92e3\" data-element_type=\"container\">\n\t\t\t\t\t<div class=\"e-con-inner\">\n\t\t\t\t<div class=\"elementor-element elementor-element-920aded elementor-widget elementor-widget-heading\" data-id=\"920aded\" data-element_type=\"widget\" data-widget_type=\"heading.default\">\n\t\t\t\t\t<h2 class=\"elementor-heading-title elementor-size-default\">AVIACI\u00d3N<br>\nProtecci\u00f3n de Superficies Redefinida<\/h2>\t\t\t\t<\/div>\n\t\t\t\t<div class=\"elementor-element elementor-element-035fa89 elementor-widget elementor-widget-heading\" data-id=\"035fa89\" data-element_type=\"widget\" data-widget_type=\"heading.default\">\n\t\t\t\t\t<h3 class=\"elementor-heading-title elementor-size-default\">Tecnolog\u00eda Cer\u00e1mica Ultrafina para el Mantenimiento de Aviaci\u00f3n \n<\/h3>\t\t\t\t<\/div>\n\t\t\t\t<div class=\"elementor-element elementor-element-977e71e e-transform elementor-widget elementor-widget-image\" data-id=\"977e71e\" data-element_type=\"widget\" data-settings=\"{&quot;_transform_scale_effect&quot;:{&quot;unit&quot;:&quot;px&quot;,&quot;size&quot;:0.9,&quot;sizes&quot;:[]},&quot;_transform_scale_effect_tablet&quot;:{&quot;unit&quot;:&quot;px&quot;,&quot;size&quot;:&quot;&quot;,&quot;sizes&quot;:[]},&quot;_transform_scale_effect_mobile&quot;:{&quot;unit&quot;:&quot;px&quot;,&quot;size&quot;:&quot;&quot;,&quot;sizes&quot;:[]}}\" data-widget_type=\"image.default\">\n\t\t\t\t\t\t\t\t\t\t\t\t\t\t\t<img fetchpriority=\"high\" decoding=\"async\" width=\"1536\" height=\"1024\" src=\"https:\/\/www.nano-ceramic.com\/wp-content\/uploads\/2026\/02\/Airplane-Landscape-2.png\" class=\"attachment-full size-full wp-image-12673\" alt=\"\" srcset=\"https:\/\/www.nano-ceramic.com\/wp-content\/uploads\/2026\/02\/Airplane-Landscape-2.png 1536w, https:\/\/www.nano-ceramic.com\/wp-content\/uploads\/2026\/02\/Airplane-Landscape-2-300x200.png 300w, https:\/\/www.nano-ceramic.com\/wp-content\/uploads\/2026\/02\/Airplane-Landscape-2-1024x683.png 1024w, https:\/\/www.nano-ceramic.com\/wp-content\/uploads\/2026\/02\/Airplane-Landscape-2-768x512.png 768w\" sizes=\"(max-width: 1536px) 100vw, 1536px\" \/>\t\t\t\t\t\t\t\t\t\t\t\t\t\t\t<\/div>\n\t\t<div class=\"elementor-element elementor-element-872e6ee e-con-full e-flex e-con e-child\" data-id=\"872e6ee\" data-element_type=\"container\">\n\t\t\t\t<div class=\"elementor-element elementor-element-d4f1f64 youtube_btn learnmore popup_video_link_c  elementor-widget__width-inherit elementor-widget-mobile__width-auto elementor-widget elementor-widget-html\" data-id=\"d4f1f64\" data-element_type=\"widget\" data-widget_type=\"html.default\">\n\t\t\t\t\t<a class=\"Twolin_btn twoline_\" href=\"https:\/\/videopress.com\/v\/Lv4FSf6S\" rel=\"noopener\">\n<img decoding=\"async\" class=\"r_image\" src=\"\/wp-content\/uploads\/2026\/01\/youtube-1-2-e1654593001508.png\" \/>\nUVA Topcoat\n<\/a>\t\t\t\t<\/div>\n\t\t\t\t<\/div>\n\t\t\t\t\t<\/div>\n\t\t\t\t<\/div>\n\t\t<div class=\"elementor-element elementor-element-90ba23a e-flex e-con-boxed e-con e-parent\" data-id=\"90ba23a\" data-element_type=\"container\">\n\t\t\t\t\t<div class=\"e-con-inner\">\n\t\t\t\t<div class=\"elementor-element elementor-element-c8cd54d elementor-widget elementor-widget-heading\" data-id=\"c8cd54d\" data-element_type=\"widget\" data-widget_type=\"heading.default\">\n\t\t\t\t\t<h2 class=\"elementor-heading-title elementor-size-default\">Durabilidad Documentada\n<\/h2>\t\t\t\t<\/div>\n\t\t\t\t<div class=\"elementor-element elementor-element-9bf61d8 elementor-widget elementor-widget-heading\" data-id=\"9bf61d8\" data-element_type=\"widget\" data-widget_type=\"heading.default\">\n\t\t\t\t\t<h2 class=\"elementor-heading-title elementor-size-default\">Rendimiento Medido, Protecci\u00f3n de Superficies de Grado Aeron\u00e1utico<\/h2>\t\t\t\t<\/div>\n\t\t\t\t\t<\/div>\n\t\t\t\t<\/div>\n\t\t<div class=\"elementor-element elementor-element-d5c2683 e-flex e-con-boxed e-con e-parent\" data-id=\"d5c2683\" data-element_type=\"container\">\n\t\t\t\t\t<div class=\"e-con-inner\">\n\t\t<div class=\"elementor-element elementor-element-17e25a5 e-con-full e-flex e-con e-child\" data-id=\"17e25a5\" data-element_type=\"container\">\n\t\t\t\t<div class=\"elementor-element elementor-element-7fa5b8a e-transform elementor-widget elementor-widget-image\" data-id=\"7fa5b8a\" data-element_type=\"widget\" data-settings=\"{&quot;_transform_scale_effect_mobile&quot;:{&quot;unit&quot;:&quot;px&quot;,&quot;size&quot;:0.95,&quot;sizes&quot;:[]},&quot;_transform_scale_effect&quot;:{&quot;unit&quot;:&quot;px&quot;,&quot;size&quot;:&quot;&quot;,&quot;sizes&quot;:[]},&quot;_transform_scale_effect_tablet&quot;:{&quot;unit&quot;:&quot;px&quot;,&quot;size&quot;:&quot;&quot;,&quot;sizes&quot;:[]}}\" data-widget_type=\"image.default\">\n\t\t\t\t\t\t\t\t\t\t\t\t\t\t\t\t<a href=\"https:\/\/www.nano-ceramic.com\/wp-content\/uploads\/2026\/02\/SPA-CP-Folleto-Aviacion-Limpiar-y-Proteger-26pgs.pdf\" target=\"_blank\">\n\t\t\t\t\t\t\t<img decoding=\"async\" width=\"233\" height=\"300\" src=\"https:\/\/www.nano-ceramic.com\/wp-content\/uploads\/2026\/02\/Aviation-Brochure-2-233x300.png\" class=\"attachment-medium size-medium wp-image-13802\" alt=\"\" srcset=\"https:\/\/www.nano-ceramic.com\/wp-content\/uploads\/2026\/02\/Aviation-Brochure-2-233x300.png 233w, https:\/\/www.nano-ceramic.com\/wp-content\/uploads\/2026\/02\/Aviation-Brochure-2.png 667w\" sizes=\"(max-width: 233px) 100vw, 233px\" \/>\t\t\t\t\t\t\t\t<\/a>\n\t\t\t\t\t\t\t\t\t\t\t\t\t\t\t<\/div>\n\t\t\t\t<div class=\"elementor-element elementor-element-fdfeb52 youtube_btn learnmore popup_video_link_c elementor-hidden-desktop elementor-hidden-tablet elementor-hidden-mobile elementor-widget elementor-widget-html\" data-id=\"fdfeb52\" data-element_type=\"widget\" data-widget_type=\"html.default\">\n\t\t\t\t\t<a class=\"Twolin_btn\" href=\"https:\/\/videopress.com\/v\/wodo1QLH\"><img decoding=\"async\" class=\"r_image\" src=\"\/wp-content\/uploads\/2026\/01\/study2.png\" \/>Technical Video\r\n<\/a>\t\t\t\t<\/div>\n\t\t\t\t<div class=\"elementor-element elementor-element-4f47fc1 youtube_btn learnmore elementor-widget elementor-widget-html\" data-id=\"4f47fc1\" data-element_type=\"widget\" data-widget_type=\"html.default\">\n\t\t\t\t\t<a class=\"Twolin_btn\" href=\"https:\/\/www.nano-ceramic.com\/wp-content\/uploads\/2026\/01\/SPA-CP-Informe-de-prueba-UVA-8pgs.pdf\" ><img decoding=\"async\" class=\"r_image\" src=\"\/wp-content\/uploads\/2026\/01\/study2.png\" \/>Informe de Pruebas\r\n<\/a>\t\t\t\t<\/div>\n\t\t\t\t<div class=\"elementor-element elementor-element-f067c54 youtube_btn learnmore building_video_sec elementor-hidden-desktop elementor-hidden-tablet elementor-hidden-mobile elementor-widget elementor-widget-html\" data-id=\"f067c54\" data-element_type=\"widget\" data-widget_type=\"html.default\">\n\t\t\t\t\t<a class=\"Twolin_btn\" href=\"#\"><img decoding=\"async\" class=\"r_image\" src=\"\/wp-content\/uploads\/2026\/01\/study2.png\" \/>Product Videos\r\n<\/a> \t\t\t\t<\/div>\n\t\t\t\t<\/div>\n\t\t\t\t\t<\/div>\n\t\t\t\t<\/div>\n\t\t<div class=\"elementor-element elementor-element-8308002 e-flex e-con-boxed e-con e-parent\" data-id=\"8308002\" data-element_type=\"container\">\n\t\t\t\t\t<div class=\"e-con-inner\">\n\t\t\t\t<div class=\"elementor-element elementor-element-c22439d elementor-widget elementor-widget-heading\" data-id=\"c22439d\" data-element_type=\"widget\" data-widget_type=\"heading.default\">\n\t\t\t\t\t<h2 class=\"elementor-heading-title elementor-size-default\">Sistemas de Recubrimiento Cer\u00e1mico para Aviaci\u00f3n<\/h2>\t\t\t\t<\/div>\n\t\t\t\t<div class=\"elementor-element elementor-element-1bdf574 elementor-widget elementor-widget-heading\" data-id=\"1bdf574\" data-element_type=\"widget\" data-widget_type=\"heading.default\">\n\t\t\t\t\t<h2 class=\"elementor-heading-title elementor-size-default\">Protecci\u00f3n Ultrafina con Dureza y Flexibilidad Ajustadas\n<\/h2>\t\t\t\t<\/div>\n\t\t<div class=\"elementor-element elementor-element-a8184f2 e-grid e-con-full e-con e-child\" data-id=\"a8184f2\" data-element_type=\"container\">\n\t\t\t\t<div class=\"elementor-element elementor-element-c90a80f elementor-widget elementor-widget-image\" data-id=\"c90a80f\" data-element_type=\"widget\" data-widget_type=\"image.default\">\n\t\t\t\t\t\t\t\t\t\t\t\t\t\t\t<img decoding=\"async\" width=\"900\" height=\"390\" src=\"https:\/\/www.nano-ceramic.com\/wp-content\/uploads\/2026\/01\/Left-side-1-_-SIO4-SI24-SI34-SI44.png\" class=\"attachment-full size-full wp-image-3918\" alt=\"\" srcset=\"https:\/\/www.nano-ceramic.com\/wp-content\/uploads\/2026\/01\/Left-side-1-_-SIO4-SI24-SI34-SI44.png 900w, https:\/\/www.nano-ceramic.com\/wp-content\/uploads\/2026\/01\/Left-side-1-_-SIO4-SI24-SI34-SI44-300x130.png 300w, https:\/\/www.nano-ceramic.com\/wp-content\/uploads\/2026\/01\/Left-side-1-_-SIO4-SI24-SI34-SI44-768x333.png 768w\" sizes=\"(max-width: 900px) 100vw, 900px\" \/>\t\t\t\t\t\t\t\t\t\t\t\t\t\t\t<\/div>\n\t\t\t\t<div class=\"elementor-element elementor-element-09e5992 elementor-widget elementor-widget-image\" data-id=\"09e5992\" data-element_type=\"widget\" data-widget_type=\"image.default\">\n\t\t\t\t\t\t\t\t\t\t\t\t\t\t\t<img loading=\"lazy\" decoding=\"async\" width=\"900\" height=\"390\" src=\"https:\/\/www.nano-ceramic.com\/wp-content\/uploads\/2026\/01\/Left-side-2-_-SI54-SI64-SI74-SI84.png\" class=\"attachment-full size-full wp-image-3919\" alt=\"\" srcset=\"https:\/\/www.nano-ceramic.com\/wp-content\/uploads\/2026\/01\/Left-side-2-_-SI54-SI64-SI74-SI84.png 900w, https:\/\/www.nano-ceramic.com\/wp-content\/uploads\/2026\/01\/Left-side-2-_-SI54-SI64-SI74-SI84-300x130.png 300w, https:\/\/www.nano-ceramic.com\/wp-content\/uploads\/2026\/01\/Left-side-2-_-SI54-SI64-SI74-SI84-768x333.png 768w\" sizes=\"(max-width: 900px) 100vw, 900px\" \/>\t\t\t\t\t\t\t\t\t\t\t\t\t\t\t<\/div>\n\t\t\t\t<\/div>\n\t\t\t\t\t<\/div>\n\t\t\t\t<\/div>\n\t\t<div class=\"elementor-element elementor-element-fc1290a e-flex e-con-boxed e-con e-parent\" data-id=\"fc1290a\" data-element_type=\"container\">\n\t\t\t\t\t<div class=\"e-con-inner\">\n\t\t\t\t<div class=\"elementor-element elementor-element-d3006e6 elementor-widget elementor-widget-heading\" data-id=\"d3006e6\" data-element_type=\"widget\" data-widget_type=\"heading.default\">\n\t\t\t\t\t<h2 class=\"elementor-heading-title elementor-size-default\">Colorantes S\u00faper Transparentes<\/h2>\t\t\t\t<\/div>\n\t\t\t\t<div class=\"elementor-element elementor-element-c35591d elementor-widget elementor-widget-heading\" data-id=\"c35591d\" data-element_type=\"widget\" data-widget_type=\"heading.default\">\n\t\t\t\t\t<h2 class=\"elementor-heading-title elementor-size-default\">Basado en Tecnolog\u00eda de Muestras de Pigmentos CAB<\/h2>\t\t\t\t<\/div>\n\t\t<div class=\"elementor-element elementor-element-ff1921d e-con-full e-flex e-con e-child\" data-id=\"ff1921d\" data-element_type=\"container\">\n\t\t\t\t<div class=\"elementor-element elementor-element-96a837f elementor-widget elementor-widget-image\" data-id=\"96a837f\" data-element_type=\"widget\" data-widget_type=\"image.default\">\n\t\t\t\t\t\t\t\t\t\t\t\t\t\t\t<img loading=\"lazy\" decoding=\"async\" width=\"2560\" height=\"813\" src=\"https:\/\/www.nano-ceramic.com\/wp-content\/uploads\/2026\/01\/Left-side-_1-Colorants-Chips-scaled.png\" class=\"attachment-full size-full wp-image-3939\" alt=\"\" srcset=\"https:\/\/www.nano-ceramic.com\/wp-content\/uploads\/2026\/01\/Left-side-_1-Colorants-Chips-scaled.png 2560w, https:\/\/www.nano-ceramic.com\/wp-content\/uploads\/2026\/01\/Left-side-_1-Colorants-Chips-300x95.png 300w, https:\/\/www.nano-ceramic.com\/wp-content\/uploads\/2026\/01\/Left-side-_1-Colorants-Chips-1024x325.png 1024w, https:\/\/www.nano-ceramic.com\/wp-content\/uploads\/2026\/01\/Left-side-_1-Colorants-Chips-768x244.png 768w, https:\/\/www.nano-ceramic.com\/wp-content\/uploads\/2026\/01\/Left-side-_1-Colorants-Chips-1536x488.png 1536w, https:\/\/www.nano-ceramic.com\/wp-content\/uploads\/2026\/01\/Left-side-_1-Colorants-Chips-2048x650.png 2048w\" sizes=\"(max-width: 2560px) 100vw, 2560px\" \/>\t\t\t\t\t\t\t\t\t\t\t\t\t\t\t<\/div>\n\t\t\t\t<\/div>\n\t\t\t\t\t<\/div>\n\t\t\t\t<\/div>\n\t\t<div class=\"elementor-element elementor-element-5f022b2 e-flex e-con-boxed e-con e-parent\" data-id=\"5f022b2\" data-element_type=\"container\">\n\t\t\t\t\t<div class=\"e-con-inner\">\n\t\t\t\t<div class=\"elementor-element elementor-element-d63acea elementor-widget elementor-widget-image\" data-id=\"d63acea\" data-element_type=\"widget\" data-widget_type=\"image.default\">\n\t\t\t\t\t\t\t\t\t\t\t\t\t\t\t\t<a href=\"https:\/\/www.nano-ceramic.com\/es\/faq-asked-questions-aviation\/\">\n\t\t\t\t\t\t\t<img decoding=\"async\" src=\"https:\/\/www.nano-ceramic.com\/wp-content\/uploads\/2026\/02\/SPA-FAQ-Aviation.png\" title=\"\" alt=\"\" loading=\"lazy\" \/>\t\t\t\t\t\t\t\t<\/a>\n\t\t\t\t\t\t\t\t\t\t\t\t\t\t\t<\/div>\n\t\t\t\t<div class=\"elementor-element elementor-element-eebdd40 elementor-widget elementor-widget-heading\" data-id=\"eebdd40\" data-element_type=\"widget\" data-widget_type=\"heading.default\">\n\t\t\t\t\t<h2 class=\"elementor-heading-title elementor-size-default\">Industrias Atendidas\n<\/h2>\t\t\t\t<\/div>\n\t\t\t\t\t<\/div>\n\t\t\t\t<\/div>\n\t\t<div class=\"elementor-element elementor-element-d2c3e55 e-flex e-con-boxed e-con e-parent\" data-id=\"d2c3e55\" data-element_type=\"container\">\n\t\t\t\t\t<div class=\"e-con-inner\">\n\t\t<div class=\"elementor-element elementor-element-d263575 e-con-full e-flex e-con e-child\" data-id=\"d263575\" data-element_type=\"container\">\n\t\t\t\t<div class=\"elementor-element elementor-element-6ecc3ad elementor-widget elementor-widget-image\" data-id=\"6ecc3ad\" data-element_type=\"widget\" data-widget_type=\"image.default\">\n\t\t\t\t\t\t\t\t\t\t\t\t\t\t\t\t<a href=\"https:\/\/www.nano-ceramic.com\/wp-content\/uploads\/2026\/02\/SPA-CP-Folleto-Maquinaria-Agricola-y-Pesada-Limpiar-y-Proteger-34pgs.pdf\">\n\t\t\t\t\t\t\t<img loading=\"lazy\" decoding=\"async\" width=\"667\" height=\"860\" src=\"https:\/\/www.nano-ceramic.com\/wp-content\/uploads\/2026\/02\/Agricultural-Clean-Protect-3.png\" class=\"attachment-large size-large wp-image-13806\" alt=\"\" srcset=\"https:\/\/www.nano-ceramic.com\/wp-content\/uploads\/2026\/02\/Agricultural-Clean-Protect-3.png 667w, https:\/\/www.nano-ceramic.com\/wp-content\/uploads\/2026\/02\/Agricultural-Clean-Protect-3-233x300.png 233w\" sizes=\"(max-width: 667px) 100vw, 667px\" \/>\t\t\t\t\t\t\t\t<\/a>\n\t\t\t\t\t\t\t\t\t\t\t\t\t\t\t<\/div>\n\t\t\t\t<\/div>\n\t\t<div class=\"elementor-element elementor-element-3bb4010 e-con-full e-flex e-con e-child\" data-id=\"3bb4010\" data-element_type=\"container\">\n\t\t\t\t<div class=\"elementor-element elementor-element-cbe5f33 elementor-widget elementor-widget-image\" data-id=\"cbe5f33\" data-element_type=\"widget\" data-widget_type=\"image.default\">\n\t\t\t\t\t\t\t\t\t\t\t\t\t\t\t\t<a href=\"https:\/\/www.nano-ceramic.com\/wp-content\/uploads\/2026\/02\/SPA-PC-Folleto-Objetos-Industriales-Sistema-de-Recrubrimiento-Permanente-20pgs.pdf\">\n\t\t\t\t\t\t\t<img loading=\"lazy\" decoding=\"async\" width=\"667\" height=\"860\" src=\"https:\/\/www.nano-ceramic.com\/wp-content\/uploads\/2026\/02\/Industrial-Objects-2.png\" class=\"attachment-large size-large wp-image-13800\" alt=\"\" srcset=\"https:\/\/www.nano-ceramic.com\/wp-content\/uploads\/2026\/02\/Industrial-Objects-2.png 667w, https:\/\/www.nano-ceramic.com\/wp-content\/uploads\/2026\/02\/Industrial-Objects-2-233x300.png 233w\" sizes=\"(max-width: 667px) 100vw, 667px\" \/>\t\t\t\t\t\t\t\t<\/a>\n\t\t\t\t\t\t\t\t\t\t\t\t\t\t\t<\/div>\n\t\t\t\t<\/div>\n\t\t<div class=\"elementor-element elementor-element-ba956e9 e-con-full e-flex e-con e-child\" data-id=\"ba956e9\" data-element_type=\"container\">\n\t\t\t\t<div class=\"elementor-element elementor-element-bf77419 elementor-widget elementor-widget-image\" data-id=\"bf77419\" data-element_type=\"widget\" data-widget_type=\"image.default\">\n\t\t\t\t\t\t\t\t\t\t\t\t\t\t\t\t<a href=\"https:\/\/www.nano-ceramic.com\/wp-content\/uploads\/2026\/02\/SPA-CP-Folleto-Marina-Sistemas-Recubrimientos-Permanentes-32pgs.pdf\">\n\t\t\t\t\t\t\t<img loading=\"lazy\" decoding=\"async\" width=\"667\" height=\"860\" src=\"https:\/\/www.nano-ceramic.com\/wp-content\/uploads\/2026\/02\/Marine-Permanent-Coating-Systems-1.png\" class=\"attachment-large size-large wp-image-13797\" alt=\"\" srcset=\"https:\/\/www.nano-ceramic.com\/wp-content\/uploads\/2026\/02\/Marine-Permanent-Coating-Systems-1.png 667w, https:\/\/www.nano-ceramic.com\/wp-content\/uploads\/2026\/02\/Marine-Permanent-Coating-Systems-1-233x300.png 233w\" sizes=\"(max-width: 667px) 100vw, 667px\" \/>\t\t\t\t\t\t\t\t<\/a>\n\t\t\t\t\t\t\t\t\t\t\t\t\t\t\t<\/div>\n\t\t\t\t<\/div>\n\t\t<div class=\"elementor-element elementor-element-0a5bb41 e-con-full e-flex e-con e-child\" data-id=\"0a5bb41\" data-element_type=\"container\">\n\t\t\t\t<div class=\"elementor-element elementor-element-43c5c26 elementor-widget elementor-widget-image\" data-id=\"43c5c26\" data-element_type=\"widget\" data-widget_type=\"image.default\">\n\t\t\t\t\t\t\t\t\t\t\t\t\t\t\t\t<a href=\"https:\/\/www.nano-ceramic.com\/wp-content\/uploads\/2026\/02\/SPA-PC-Folleto-Militar-Sistemas-Recubrimientos-Permanentes-28pgs.pdf\">\n\t\t\t\t\t\t\t<img loading=\"lazy\" decoding=\"async\" width=\"667\" height=\"860\" src=\"https:\/\/www.nano-ceramic.com\/wp-content\/uploads\/2026\/02\/Military-2.png\" class=\"attachment-large size-large wp-image-13795\" alt=\"\" srcset=\"https:\/\/www.nano-ceramic.com\/wp-content\/uploads\/2026\/02\/Military-2.png 667w, https:\/\/www.nano-ceramic.com\/wp-content\/uploads\/2026\/02\/Military-2-233x300.png 233w\" sizes=\"(max-width: 667px) 100vw, 667px\" \/>\t\t\t\t\t\t\t\t<\/a>\n\t\t\t\t\t\t\t\t\t\t\t\t\t\t\t<\/div>\n\t\t\t\t<\/div>\n\t\t<div class=\"elementor-element elementor-element-6c933e4 e-con-full e-flex e-con e-child\" data-id=\"6c933e4\" data-element_type=\"container\">\n\t\t\t\t<div class=\"elementor-element elementor-element-90f2317 elementor-widget elementor-widget-image\" data-id=\"90f2317\" data-element_type=\"widget\" data-widget_type=\"image.default\">\n\t\t\t\t\t\t\t\t\t\t\t\t\t\t\t\t<a href=\"https:\/\/www.nano-ceramic.com\/wp-content\/uploads\/2026\/02\/SPA-CP-Folleto-Transporte-Publico-Sistema-de-Recrubrimiento-Permanente-42pgs.pdf\">\n\t\t\t\t\t\t\t<img loading=\"lazy\" decoding=\"async\" width=\"667\" height=\"860\" src=\"https:\/\/www.nano-ceramic.com\/wp-content\/uploads\/2026\/02\/Public-Transport-2.png\" class=\"attachment-large size-large wp-image-13794\" alt=\"\" srcset=\"https:\/\/www.nano-ceramic.com\/wp-content\/uploads\/2026\/02\/Public-Transport-2.png 667w, https:\/\/www.nano-ceramic.com\/wp-content\/uploads\/2026\/02\/Public-Transport-2-233x300.png 233w\" sizes=\"(max-width: 667px) 100vw, 667px\" \/>\t\t\t\t\t\t\t\t<\/a>\n\t\t\t\t\t\t\t\t\t\t\t\t\t\t\t<\/div>\n\t\t\t\t<\/div>\n\t\t<div class=\"elementor-element elementor-element-47b4c97 e-con-full e-flex e-con e-child\" data-id=\"47b4c97\" data-element_type=\"container\">\n\t\t\t\t<div class=\"elementor-element elementor-element-8fa646b elementor-widget elementor-widget-image\" data-id=\"8fa646b\" data-element_type=\"widget\" data-widget_type=\"image.default\">\n\t\t\t\t\t\t\t\t\t\t\t\t\t\t\t\t<a href=\"https:\/\/www.nano-ceramic.com\/wp-content\/uploads\/2026\/02\/SPA-CP-Folleto-Transporte-Limpiar-y-Proteger-24pgs.pdf\">\n\t\t\t\t\t\t\t<img loading=\"lazy\" decoding=\"async\" width=\"667\" height=\"860\" src=\"https:\/\/www.nano-ceramic.com\/wp-content\/uploads\/2026\/02\/Transportation-2.png\" class=\"attachment-large size-large wp-image-13790\" alt=\"\" srcset=\"https:\/\/www.nano-ceramic.com\/wp-content\/uploads\/2026\/02\/Transportation-2.png 667w, https:\/\/www.nano-ceramic.com\/wp-content\/uploads\/2026\/02\/Transportation-2-233x300.png 233w\" sizes=\"(max-width: 667px) 100vw, 667px\" \/>\t\t\t\t\t\t\t\t<\/a>\n\t\t\t\t\t\t\t\t\t\t\t\t\t\t\t<\/div>\n\t\t\t\t<\/div>\n\t\t\t\t\t<\/div>\n\t\t\t\t<\/div>\n\t\t<div class=\"elementor-element elementor-element-56127b4 elementor-hidden-mobile e-flex e-con-boxed e-con e-parent\" data-id=\"56127b4\" data-element_type=\"container\">\n\t\t\t\t\t<div class=\"e-con-inner\">\n\t\t<div class=\"elementor-element elementor-element-90b2e61 e-con-full e-flex e-con e-child\" data-id=\"90b2e61\" data-element_type=\"container\">\n\t\t\t\t<div class=\"elementor-element elementor-element-9a8414b elementor-widget elementor-widget-heading\" data-id=\"9a8414b\" data-element_type=\"widget\" data-widget_type=\"heading.default\">\n\t\t\t\t\t<h2 class=\"elementor-heading-title elementor-size-default\">Busque A Su Instalador M\u00e1s Cercano\n\n<\/h2>\t\t\t\t<\/div>\n\t\t\t\t<div class=\"elementor-element elementor-element-820b85b map_poup_img elementor-widget elementor-widget-image\" data-id=\"820b85b\" data-element_type=\"widget\" data-widget_type=\"image.default\">\n\t\t\t\t\t\t\t\t\t\t\t\t\t\t\t<img loading=\"lazy\" decoding=\"async\" width=\"1170\" height=\"587\" src=\"https:\/\/www.nano-ceramic.com\/wp-content\/uploads\/2026\/01\/SPA-CARGAR-MAPA-PCMobile-Landscape.png\" class=\"attachment-full size-full wp-image-6518\" alt=\"\" srcset=\"https:\/\/www.nano-ceramic.com\/wp-content\/uploads\/2026\/01\/SPA-CARGAR-MAPA-PCMobile-Landscape.png 1170w, https:\/\/www.nano-ceramic.com\/wp-content\/uploads\/2026\/01\/SPA-CARGAR-MAPA-PCMobile-Landscape-300x151.png 300w, https:\/\/www.nano-ceramic.com\/wp-content\/uploads\/2026\/01\/SPA-CARGAR-MAPA-PCMobile-Landscape-1024x514.png 1024w, https:\/\/www.nano-ceramic.com\/wp-content\/uploads\/2026\/01\/SPA-CARGAR-MAPA-PCMobile-Landscape-768x385.png 768w\" sizes=\"(max-width: 1170px) 100vw, 1170px\" \/>\t\t\t\t\t\t\t\t\t\t\t\t\t\t\t<\/div>\n\t\t\t\t<\/div>\n\t\t\t\t\t<\/div>\n\t\t\t\t<\/div>\n\t\t<div class=\"elementor-element elementor-element-5d3161b elementor-hidden-desktop elementor-hidden-tablet e-flex e-con-boxed e-con e-parent\" data-id=\"5d3161b\" data-element_type=\"container\">\n\t\t\t\t\t<div class=\"e-con-inner\">\n\t\t<div class=\"elementor-element elementor-element-f376c22 e-con-full e-flex e-con e-child\" data-id=\"f376c22\" data-element_type=\"container\">\n\t\t\t\t<div class=\"elementor-element elementor-element-1aaee36 elementor-widget elementor-widget-heading\" data-id=\"1aaee36\" data-element_type=\"widget\" data-widget_type=\"heading.default\">\n\t\t\t\t\t<h2 class=\"elementor-heading-title elementor-size-default\">Busque A Su Instalador M\u00e1s Cercano\n<\/h2>\t\t\t\t<\/div>\n\t\t\t\t<div class=\"elementor-element elementor-element-e6dd0c1 map_poup_img elementor-widget elementor-widget-image\" data-id=\"e6dd0c1\" data-element_type=\"widget\" data-widget_type=\"image.default\">\n\t\t\t\t\t\t\t\t\t\t\t\t\t\t\t<img loading=\"lazy\" decoding=\"async\" width=\"1600\" height=\"992\" src=\"https:\/\/www.nano-ceramic.com\/wp-content\/uploads\/2026\/01\/SPA-CARGAR-MAPA-Mobile-Portret.png\" class=\"attachment-full size-full wp-image-6513\" alt=\"\" srcset=\"https:\/\/www.nano-ceramic.com\/wp-content\/uploads\/2026\/01\/SPA-CARGAR-MAPA-Mobile-Portret.png 1600w, https:\/\/www.nano-ceramic.com\/wp-content\/uploads\/2026\/01\/SPA-CARGAR-MAPA-Mobile-Portret-300x186.png 300w, https:\/\/www.nano-ceramic.com\/wp-content\/uploads\/2026\/01\/SPA-CARGAR-MAPA-Mobile-Portret-1024x635.png 1024w, https:\/\/www.nano-ceramic.com\/wp-content\/uploads\/2026\/01\/SPA-CARGAR-MAPA-Mobile-Portret-768x476.png 768w, https:\/\/www.nano-ceramic.com\/wp-content\/uploads\/2026\/01\/SPA-CARGAR-MAPA-Mobile-Portret-1536x952.png 1536w\" sizes=\"(max-width: 1600px) 100vw, 1600px\" \/>\t\t\t\t\t\t\t\t\t\t\t\t\t\t\t<\/div>\n\t\t\t\t<\/div>\n\t\t\t\t\t<\/div>\n\t\t\t\t<\/div>\n\t\t\t\t<\/div>\n\t\t","protected":false},"excerpt":{"rendered":"<p>AVIACI\u00d3N Protecci\u00f3n de Superficies Redefinida Tecnolog\u00eda Cer\u00e1mica Ultrafina para el Mantenimiento de Aviaci\u00f3n UVA Topcoat Durabilidad Documentada Rendimiento Medido, Protecci\u00f3n de Superficies de Grado Aeron\u00e1utico Technical Video Informe de Pruebas Product Videos Sistemas de Recubrimiento Cer\u00e1mico para Aviaci\u00f3n Protecci\u00f3n Ultrafina con Dureza y Flexibilidad Ajustadas Colorantes S\u00faper Transparentes Basado en Tecnolog\u00eda de Muestras de Pigmentos [&hellip;]<\/p>\n","protected":false},"author":5,"featured_media":0,"parent":0,"menu_order":0,"comment_status":"closed","ping_status":"closed","template":"elementor_header_footer","meta":{"footnotes":""},"class_list":["post-11748","page","type-page","status-publish","hentry"],"_links":{"self":[{"href":"https:\/\/www.nano-ceramic.com\/es\/wp-json\/wp\/v2\/pages\/11748","targetHints":{"allow":["GET"]}}],"collection":[{"href":"https:\/\/www.nano-ceramic.com\/es\/wp-json\/wp\/v2\/pages"}],"about":[{"href":"https:\/\/www.nano-ceramic.com\/es\/wp-json\/wp\/v2\/types\/page"}],"author":[{"embeddable":true,"href":"https:\/\/www.nano-ceramic.com\/es\/wp-json\/wp\/v2\/users\/5"}],"replies":[{"embeddable":true,"href":"https:\/\/www.nano-ceramic.com\/es\/wp-json\/wp\/v2\/comments?post=11748"}],"version-history":[{"count":15,"href":"https:\/\/www.nano-ceramic.com\/es\/wp-json\/wp\/v2\/pages\/11748\/revisions"}],"predecessor-version":[{"id":14913,"href":"https:\/\/www.nano-ceramic.com\/es\/wp-json\/wp\/v2\/pages\/11748\/revisions\/14913"}],"wp:attachment":[{"href":"https:\/\/www.nano-ceramic.com\/es\/wp-json\/wp\/v2\/media?parent=11748"}],"curies":[{"name":"wp","href":"https:\/\/api.w.org\/{rel}","templated":true}]}}