{"id":2538,"date":"2026-01-05T06:15:36","date_gmt":"2026-01-05T06:15:36","guid":{"rendered":"https:\/\/www.nano-ceramic.com\/clean-protect\/"},"modified":"2026-02-25T05:30:05","modified_gmt":"2026-02-25T05:30:05","slug":"clean-protect","status":"publish","type":"page","link":"https:\/\/www.nano-ceramic.com\/es\/clean-protect\/","title":{"rendered":"Clean &#038; Protect"},"content":{"rendered":"\t\t<div data-elementor-type=\"wp-page\" data-elementor-id=\"2538\" class=\"elementor elementor-2538 elementor-40\">\n\t\t\t\t<div class=\"elementor-element elementor-element-62fba26 e-flex e-con-boxed e-con e-parent\" data-id=\"62fba26\" data-element_type=\"container\">\n\t\t\t\t\t<div class=\"e-con-inner\">\n\t\t<div class=\"elementor-element elementor-element-1a036e6 e-con-full e-flex elementor-invisible e-con e-child\" data-id=\"1a036e6\" data-element_type=\"container\" data-settings=\"{&quot;animation&quot;:&quot;slideInUp&quot;}\">\n\t\t\t\t<div class=\"elementor-element elementor-element-a983b3a elementor-widget elementor-widget-heading\" data-id=\"a983b3a\" data-element_type=\"widget\" data-widget_type=\"heading.default\">\n\t\t\t\t\t<h4 class=\"elementor-heading-title elementor-size-default\">Garant\u00eda electr\u00f3nica \nInterior<\/h4>\t\t\t\t<\/div>\n\t\t\t\t<div class=\"elementor-element elementor-element-7b7f28c elementor-widget elementor-widget-text-editor\" data-id=\"7b7f28c\" data-element_type=\"widget\" data-widget_type=\"text-editor.default\">\n\t\t\t\t\t\t\t\t\t<div class=\"relative basis-auto flex-col -mb-(--composer-overlap-px) [--composer-overlap-px:28px] grow flex\"><div class=\"flex flex-col text-sm pb-25\"><article class=\"text-token-text-primary w-full focus:outline-none [--shadow-height:45px] has-data-writing-block:pointer-events-none has-data-writing-block:-mt-(--shadow-height) has-data-writing-block:pt-(--shadow-height) [&amp;:has([data-writing-block])&gt;*]:pointer-events-auto scroll-mt-[calc(var(--header-height)+min(200px,max(70px,20svh)))]\" dir=\"auto\" tabindex=\"-1\" data-turn-id=\"request-WEB:363c3f02-b27e-4202-9839-d57bb3fb9a4f-2\" data-testid=\"conversation-turn-6\" data-scroll-anchor=\"true\" data-turn=\"assistant\"><div class=\"text-base my-auto mx-auto pb-10 [--thread-content-margin:--spacing(4)] @w-sm\/main:[--thread-content-margin:--spacing(6)] @w-lg\/main:[--thread-content-margin:--spacing(16)] px-(--thread-content-margin)\"><div class=\"[--thread-content-max-width:40rem] @w-lg\/main:[--thread-content-max-width:48rem] mx-auto max-w-(--thread-content-max-width) flex-1 group\/turn-messages focus-visible:outline-hidden relative flex w-full min-w-0 flex-col agent-turn\" tabindex=\"-1\"><div class=\"flex max-w-full flex-col grow\"><div class=\"min-h-8 text-message relative flex w-full flex-col items-end gap-2 text-start break-words whitespace-normal [.text-message+&amp;]:mt-1\" dir=\"auto\" data-message-author-role=\"assistant\" data-message-id=\"c70800e9-2f4c-4aa8-b2bf-abfef2514eda\" data-message-model-slug=\"gpt-5-2\"><div class=\"flex w-full flex-col gap-1 empty:hidden first:pt-[1px]\"><div class=\"markdown prose dark:prose-invert w-full wrap-break-word dark markdown-new-styling\"><p data-start=\"28\" data-end=\"549\">Debido a que nuestros recubrimientos de pel\u00edcula ultrafina tienen muchas \u00e1reas de aplicaci\u00f3n diferentes, solo podemos ofrecer una garant\u00eda limitada cuando son utilizados por uno de nuestros instaladores certificados y en proyectos aprobados. Nuestros instaladores certificados pueden determinar el per\u00edodo de garant\u00eda que cubre al comprador por los costos de instalaci\u00f3n. El c\u00f3digo de garant\u00eda es proporcionado por <strong data-start=\"443\" data-end=\"484\"><span class=\"hover:entity-accent entity-underline inline cursor-pointer align-baseline\"><span class=\"whitespace-normal\">NANO-CERAMIC\u00ae<\/span><\/span><\/strong> al instalador y cubre al comprador por los productos utilizados.<\/p><p data-start=\"551\" data-end=\"764\">La garant\u00eda solo aplica a decoloraci\u00f3n, desprendimiento, agrietamiento o delaminaci\u00f3n. Todas las reclamaciones causadas por productos qu\u00edmicos de limpieza distintos de <strong data-start=\"719\" data-end=\"746\">SHRE Pure Shine Shampoo<\/strong> ser\u00e1n rechazadas.<\/p><p data-start=\"766\" data-end=\"1029\">La garant\u00eda solo es v\u00e1lida si es registrada por uno de nuestros instaladores aprobados a trav\u00e9s de nuestro Formulario de Registro de Garant\u00eda Electr\u00f3nica (E-Warranty) en nuestro sitio web. Recibir\u00e1 una copia de este registro en su direcci\u00f3n de correo electr\u00f3nico.<\/p><p data-start=\"1031\" data-end=\"1262\">Tenga en cuenta que el producto se adherir\u00e1 a la superficie durante el per\u00edodo indicado; sin embargo, si el sustrato falla, <strong data-start=\"1155\" data-end=\"1172\">NANO-CERAMIC\u00ae<\/strong> no puede asumir responsabilidad por la garant\u00eda del producto, lo que anular\u00e1 la garant\u00eda.<\/p><p data-start=\"1264\" data-end=\"1677\" data-is-last-node=\"\" data-is-only-node=\"\">Asimismo, cualquier da\u00f1o causado por fricci\u00f3n que pueda cortar o atravesar el recubrimiento anular\u00e1 la vida \u00fatil esperada. El per\u00edodo de garant\u00eda se basa en el uso de los productos de recubrimiento correctos, la preparaci\u00f3n adecuada de la superficie y la aplicaci\u00f3n realizada por un aplicador certificado por <strong data-start=\"1573\" data-end=\"1590\">NANO-CERAMIC\u00ae<\/strong>. Adem\u00e1s, los productos de mantenimiento deben utilizarse conforme a las instrucciones.<\/p><\/div><\/div><\/div><\/div><\/div><\/div><\/article><\/div><\/div>\t\t\t\t\t\t\t\t<\/div>\n\t\t\t\t<\/div>\n\t\t<div class=\"elementor-element elementor-element-90e22ad e-con-full e-flex e-con e-child\" data-id=\"90e22ad\" data-element_type=\"container\">\n\t\t\t\t<div class=\"elementor-element elementor-element-0a3ebc3 elementor-widget elementor-widget-shortcode\" data-id=\"0a3ebc3\" data-element_type=\"widget\" data-widget_type=\"shortcode.default\">\n\t\t\t\t\t\t\t<div class=\"elementor-shortcode\">\n<div class=\"wpcf7 no-js\" id=\"wpcf7-f4140-o1\" lang=\"es-ES\" dir=\"ltr\" data-wpcf7-id=\"4140\">\n<div class=\"screen-reader-response\"><p role=\"status\" aria-live=\"polite\" aria-atomic=\"true\"><\/p> <ul><\/ul><\/div>\n<form action=\"\/es\/wp-json\/wp\/v2\/pages\/2538#wpcf7-f4140-o1\" method=\"post\" class=\"wpcf7-form init\" aria-label=\"Formulario de contacto\" enctype=\"multipart\/form-data\" novalidate=\"novalidate\" data-status=\"init\">\n<fieldset class=\"hidden-fields-container\"><input type=\"hidden\" name=\"_wpcf7\" value=\"4140\" \/><input type=\"hidden\" name=\"_wpcf7_version\" value=\"6.1.4\" \/><input type=\"hidden\" name=\"_wpcf7_locale\" value=\"es_ES\" \/><input type=\"hidden\" name=\"_wpcf7_unit_tag\" value=\"wpcf7-f4140-o1\" \/><input type=\"hidden\" name=\"_wpcf7_container_post\" value=\"0\" \/><input type=\"hidden\" name=\"_wpcf7_posted_data_hash\" value=\"\" \/>\n<\/fieldset>\n<div class=\"hazel-form-simple\">\n\t<div class=\"form_row\">\n\t\t<div class=\"f-half\">\n\t\t\t<p><span class=\"wpcf7-form-control-wrap\" data-name=\"your-name\"><input size=\"40\" maxlength=\"400\" class=\"wpcf7-form-control wpcf7-text wpcf7-validates-as-required\" aria-required=\"true\" aria-invalid=\"false\" placeholder=\"Enter full name\" value=\"\" type=\"text\" name=\"your-name\" \/><\/span>\n\t\t\t<\/p>\n\t\t<\/div>\n\t\t<div class=\"f-half\">\n\t\t\t<p><span class=\"wpcf7-form-control-wrap\" data-name=\"your-email\"><input size=\"40\" maxlength=\"400\" class=\"wpcf7-form-control wpcf7-email wpcf7-validates-as-required wpcf7-text wpcf7-validates-as-email\" aria-required=\"true\" aria-invalid=\"false\" placeholder=\"Enter email\" value=\"\" type=\"email\" name=\"your-email\" \/><\/span>\n\t\t\t<\/p>\n\t\t<\/div>\n\t<\/div>\n\t<div class=\"form_row\">\n\t\t<div class=\"f-half\">\n\t\t\t<p><span class=\"wpcf7-form-control-wrap\" data-name=\"your-address\"><input size=\"40\" maxlength=\"400\" class=\"wpcf7-form-control wpcf7-text wpcf7-validates-as-required\" aria-required=\"true\" aria-invalid=\"false\" placeholder=\"Enter address\" value=\"\" type=\"text\" name=\"your-address\" \/><\/span>\n\t\t\t<\/p>\n\t\t<\/div>\n\t\t<div class=\"f-half\">\n\t\t\t<p><span class=\"wpcf7-form-control-wrap\" data-name=\"your-phone\"><input size=\"40\" maxlength=\"400\" class=\"wpcf7-form-control wpcf7-text wpcf7-validates-as-required\" aria-required=\"true\" aria-invalid=\"false\" placeholder=\"Enter phone number\" value=\"\" type=\"text\" name=\"your-phone\" \/><\/span>\n\t\t\t<\/p>\n\t\t<\/div>\n\t<\/div>\n\t<div class=\"form_row\">\n\t\t<div class=\"f-half\">\n\t\t\t<p><span class=\"wpcf7-form-control-wrap\" data-name=\"your-projectname\"><input size=\"40\" maxlength=\"400\" class=\"wpcf7-form-control wpcf7-text wpcf7-validates-as-required\" aria-required=\"true\" aria-invalid=\"false\" placeholder=\"Enter project name\" value=\"\" type=\"text\" name=\"your-projectname\" \/><\/span>\n\t\t\t<\/p>\n\t\t<\/div>\n\t\t<div class=\"f-half\">\n\t\t\t<p><span class=\"wpcf7-form-control-wrap\" data-name=\"your-description\"><input size=\"40\" maxlength=\"400\" class=\"wpcf7-form-control wpcf7-text wpcf7-validates-as-required\" aria-required=\"true\" aria-invalid=\"false\" placeholder=\"Enter description\" value=\"\" type=\"text\" name=\"your-description\" \/><\/span>\n\t\t\t<\/p>\n\t\t<\/div>\n\t<\/div>\n\t<div class=\"form_row\">\n\t\t<div class=\"f-half\">\n\t\t\t<p><span class=\"wpcf7-form-control-wrap\" data-name=\"your-warranty-term\"><input size=\"40\" maxlength=\"400\" class=\"wpcf7-form-control wpcf7-text wpcf7-validates-as-required\" aria-required=\"true\" aria-invalid=\"false\" placeholder=\"Enter warranty term\" value=\"\" type=\"text\" name=\"your-warranty-term\" \/><\/span>\n\t\t\t<\/p>\n\t\t<\/div>\n\t\t<div class=\"f-half\">\n\t\t\t<p><span class=\"wpcf7-form-control-wrap\" data-name=\"cartype\"><select class=\"wpcf7-form-control wpcf7-select\" aria-invalid=\"false\" name=\"cartype\"><option value=\"\">Type Coating<\/option><option value=\"SIO6\">SIO6<\/option><option value=\"SIO7\">SIO7<\/option><option value=\"SIO9\">SIO9<\/option><option value=\"SI10\">SI10<\/option><option value=\"SIO8\">SIO8<\/option><option value=\"SIFX\">SIFX<\/option><\/select><\/span>\n\t\t\t<\/p>\n\t\t<\/div>\n\t<\/div>\n\t<div class=\"form_row\">\n\t\t<p>Warning: SIO6 in must be maintained with SIRP<br \/>\nOur products must be applied according our product recommendations and application guidance\n\t\t<\/p>\n\t<\/div>\n\t<div class=\"form_row\">\n\t\t<div class=\"f-half\">\n\t\t\t<p><span class=\"wpcf7-form-control-wrap\" data-name=\"your-warantycode\"><input size=\"40\" maxlength=\"400\" class=\"wpcf7-form-control wpcf7-text wpcf7-validates-as-required\" aria-required=\"true\" aria-invalid=\"false\" placeholder=\"Enter warranty code\" value=\"\" type=\"text\" name=\"your-warantycode\" \/><\/span>\n\t\t\t<\/p>\n\t\t<\/div>\n\t\t<div class=\"f-half cf7-floating\">\n\t\t\t<p><span class=\"wpcf7-form-control-wrap\" data-name=\"applicationdate\"><input class=\"wpcf7-form-control wpcf7-date wpcf7-validates-as-required wpcf7-validates-as-date\" aria-required=\"true\" aria-invalid=\"false\" placeholder=\"Application date\" value=\"\" type=\"date\" name=\"applicationdate\" \/><\/span><br \/>\n<label for=\"appDate\">dd-mm-yyyy<\/label>\n\t\t\t<\/p>\n\t\t<\/div>\n\t<\/div>\n\t<div class=\"form_row\">\n\t\t<div class=\"f-half\">\n\t\t\t<p><span class=\"wpcf7-form-control-wrap\" data-name=\"your-installername\"><input size=\"40\" maxlength=\"400\" class=\"wpcf7-form-control wpcf7-text wpcf7-validates-as-required\" aria-required=\"true\" aria-invalid=\"false\" placeholder=\"Enter installer name\" value=\"\" type=\"text\" name=\"your-installername\" \/><\/span>\n\t\t\t<\/p>\n\t\t<\/div>\n\t\t<div class=\"f-half\">\n\t\t\t<p><span class=\"wpcf7-form-control-wrap\" data-name=\"your-installerphone\"><input size=\"40\" maxlength=\"400\" class=\"wpcf7-form-control wpcf7-text wpcf7-validates-as-required\" aria-required=\"true\" aria-invalid=\"false\" placeholder=\"Enter installer phone\" value=\"\" type=\"text\" name=\"your-installerphone\" \/><\/span>\n\t\t\t<\/p>\n\t\t<\/div>\n\t<\/div>\n\t<div class=\"form_row\">\n\t\t<div class=\"f-half\">\n\t\t\t<p><span class=\"wpcf7-form-control-wrap\" data-name=\"your-installercity\"><input size=\"40\" maxlength=\"400\" class=\"wpcf7-form-control wpcf7-text\" aria-invalid=\"false\" placeholder=\"Enter Installer city\" value=\"\" type=\"text\" name=\"your-installercity\" \/><\/span>\n\t\t\t<\/p>\n\t\t<\/div>\n\t\t<div class=\"f-half\">\n\t\t\t<p><span class=\"wpcf7-form-control-wrap\" data-name=\"UploadCompanyStamp\"><input size=\"40\" class=\"wpcf7-form-control wpcf7-file custom-file-input\" accept=\".png,.jpg,.jpeg,.webp,.pdf,.doc,.docx\" aria-invalid=\"false\" type=\"file\" name=\"UploadCompanyStamp\" \/><\/span>\n\t\t\t<\/p>\n\t\t<\/div>\n\t<\/div>\n\t<div class=\"form_row\">\n\t\t<div class=\"bt-contact\">\n\t\t\t<p><input class=\"wpcf7-form-control wpcf7-submit has-spinner\" type=\"submit\" value=\"Submit\" \/>\n\t\t\t<\/p>\n\t\t<\/div>\n\t<\/div>\n<\/div><div class=\"wpcf7-response-output\" aria-hidden=\"true\"><\/div>\n<\/form>\n<\/div>\n<\/div>\n\t\t\t\t\t\t<\/div>\n\t\t\t\t<\/div>\n\t\t\t\t\t<\/div>\n\t\t\t\t<\/div>\n\t\t\t\t<\/div>\n\t\t","protected":false},"excerpt":{"rendered":"<p>Garant\u00eda electr\u00f3nica Interior Debido a que nuestros recubrimientos de pel\u00edcula ultrafina tienen muchas \u00e1reas de aplicaci\u00f3n diferentes, solo podemos ofrecer una garant\u00eda limitada cuando son utilizados por uno de nuestros instaladores certificados y en proyectos aprobados. Nuestros instaladores certificados pueden determinar el per\u00edodo de garant\u00eda que cubre al comprador por los costos de instalaci\u00f3n. El [&hellip;]<\/p>\n","protected":false},"author":1,"featured_media":0,"parent":0,"menu_order":0,"comment_status":"closed","ping_status":"closed","template":"elementor_header_footer","meta":{"footnotes":""},"class_list":["post-2538","page","type-page","status-publish","hentry"],"_links":{"self":[{"href":"https:\/\/www.nano-ceramic.com\/es\/wp-json\/wp\/v2\/pages\/2538","targetHints":{"allow":["GET"]}}],"collection":[{"href":"https:\/\/www.nano-ceramic.com\/es\/wp-json\/wp\/v2\/pages"}],"about":[{"href":"https:\/\/www.nano-ceramic.com\/es\/wp-json\/wp\/v2\/types\/page"}],"author":[{"embeddable":true,"href":"https:\/\/www.nano-ceramic.com\/es\/wp-json\/wp\/v2\/users\/1"}],"replies":[{"embeddable":true,"href":"https:\/\/www.nano-ceramic.com\/es\/wp-json\/wp\/v2\/comments?post=2538"}],"version-history":[{"count":6,"href":"https:\/\/www.nano-ceramic.com\/es\/wp-json\/wp\/v2\/pages\/2538\/revisions"}],"predecessor-version":[{"id":13943,"href":"https:\/\/www.nano-ceramic.com\/es\/wp-json\/wp\/v2\/pages\/2538\/revisions\/13943"}],"wp:attachment":[{"href":"https:\/\/www.nano-ceramic.com\/es\/wp-json\/wp\/v2\/media?parent=2538"}],"curies":[{"name":"wp","href":"https:\/\/api.w.org\/{rel}","templated":true}]}}