{"id":3180,"date":"2026-01-05T06:13:47","date_gmt":"2026-01-05T06:13:47","guid":{"rendered":"https:\/\/www.nano-ceramic.com\/e-warranty\/"},"modified":"2026-02-25T19:24:22","modified_gmt":"2026-02-25T19:24:22","slug":"e-warranty","status":"publish","type":"page","link":"https:\/\/www.nano-ceramic.com\/es\/e-warranty\/","title":{"rendered":"E-Warranty"},"content":{"rendered":"\t\t<div data-elementor-type=\"wp-page\" data-elementor-id=\"3180\" class=\"elementor elementor-3180 elementor-28\">\n\t\t\t\t<div class=\"elementor-element elementor-element-035c50c e-flex e-con-boxed e-con e-parent\" data-id=\"035c50c\" data-element_type=\"container\">\n\t\t\t\t\t<div class=\"e-con-inner\">\n\t\t<div class=\"elementor-element elementor-element-e9d384a e-con-full e-flex elementor-invisible e-con e-child\" data-id=\"e9d384a\" data-element_type=\"container\" data-settings=\"{&quot;animation&quot;:&quot;slideInUp&quot;}\">\n\t\t\t\t<div class=\"elementor-element elementor-element-e428f41 elementor-widget elementor-widget-heading\" data-id=\"e428f41\" data-element_type=\"widget\" data-widget_type=\"heading.default\">\n\t\t\t\t\t<h4 class=\"elementor-heading-title elementor-size-default\">E-Garant\u00eda Automotriz<\/h4>\t\t\t\t<\/div>\n\t\t\t\t<div class=\"elementor-element elementor-element-27adac4 elementor-widget elementor-widget-text-editor\" data-id=\"27adac4\" data-element_type=\"widget\" data-widget_type=\"text-editor.default\">\n\t\t\t\t\t\t\t\t\t<p data-start=\"49\" data-end=\"385\">Una vez que un instalador profesional haya tratado su veh\u00edculo con <strong data-start=\"116\" data-end=\"136\">Renew Gloss SIO1<\/strong> o <strong data-start=\"139\" data-end=\"165\">Gorilla Base-Coat SIBC<\/strong>, en combinaci\u00f3n con <strong data-start=\"186\" data-end=\"209\">Wet Look Gloss SIO3<\/strong>, <strong data-start=\"211\" data-end=\"233\">Diamond Gloss SIO5<\/strong> o <strong data-start=\"236\" data-end=\"259\">Trinity Fusion SIOY<\/strong>, el recubrimiento cer\u00e1mico aplicado proporcionar\u00e1 durabilidad durante <strong data-start=\"330\" data-end=\"351\">1, 3, 5 o 10 a\u00f1os<\/strong>, seg\u00fan el sistema seleccionado.<\/p><p data-start=\"387\" data-end=\"553\">Siempre que siga nuestro <strong data-start=\"412\" data-end=\"469\">Programa de Mantenimiento After Car Care cada 3 meses<\/strong>, <strong data-start=\"471\" data-end=\"488\">NANO-CERAMIC\u00ae<\/strong> otorgar\u00e1 la garant\u00eda correspondiente de <strong data-start=\"529\" data-end=\"550\">1, 3, 5 o 10 a\u00f1os<\/strong>.<\/p><p data-start=\"555\" data-end=\"866\">Si decide participar en este programa de mantenimiento, aseg\u00farese de que su instalador aprobado complete el formulario requerido, suba toda la documentaci\u00f3n de la aplicaci\u00f3n y los pasos de trabajo, y la env\u00ede a <strong data-start=\"766\" data-end=\"783\">NANO-CERAMIC\u00ae<\/strong>. Se enviar\u00e1 una copia del env\u00edo a su direcci\u00f3n de correo electr\u00f3nico registrada.<\/p><p data-start=\"868\" data-end=\"1168\">Tenga en cuenta que algunos instaladores pueden hacer afirmaciones poco realistas, como declarar que el recubrimiento es a prueba de balas u ofrecer garant\u00eda de por vida. Estas afirmaciones no son precisas y pueden verificarse revisando cuidadosamente los t\u00e9rminos de sus declaraciones de garant\u00eda.<\/p><p data-start=\"1170\" data-end=\"1521\">Para mantener su veh\u00edculo en condiciones \u00f3ptimas, comparables al estado inmediatamente despu\u00e9s de la aplicaci\u00f3n, el <strong data-start=\"1286\" data-end=\"1324\">mantenimiento adecuado es esencial<\/strong>. Igualmente importante es el uso de <strong data-start=\"1361\" data-end=\"1401\">productos de mantenimiento aprobados<\/strong>. Consulte las recomendaciones de mantenimiento en las p\u00e1ginas finales de nuestro <strong data-start=\"1483\" data-end=\"1506\">Folleto del Cliente<\/strong> (p\u00e1gina 12).<\/p>\t\t\t\t\t\t\t\t<\/div>\n\t\t\t\t<\/div>\n\t\t<div class=\"elementor-element elementor-element-9dcb040 e-con-full e-flex e-con e-child\" data-id=\"9dcb040\" data-element_type=\"container\">\n\t\t\t\t<div class=\"elementor-element elementor-element-44d34b8 elementor-widget elementor-widget-shortcode\" data-id=\"44d34b8\" data-element_type=\"widget\" data-widget_type=\"shortcode.default\">\n\t\t\t\t\t\t\t<div class=\"elementor-shortcode\">\n<div class=\"wpcf7 no-js\" id=\"wpcf7-f14074-o1\" lang=\"es-ES\" dir=\"ltr\" data-wpcf7-id=\"14074\">\n<div class=\"screen-reader-response\"><p role=\"status\" aria-live=\"polite\" aria-atomic=\"true\"><\/p> <ul><\/ul><\/div>\n<form action=\"\/es\/wp-json\/wp\/v2\/pages\/3180#wpcf7-f14074-o1\" method=\"post\" class=\"wpcf7-form init\" aria-label=\"Formulario de contacto\" enctype=\"multipart\/form-data\" novalidate=\"novalidate\" data-status=\"init\">\n<fieldset class=\"hidden-fields-container\"><input type=\"hidden\" name=\"_wpcf7\" value=\"14074\" \/><input type=\"hidden\" name=\"_wpcf7_version\" value=\"6.1.4\" \/><input type=\"hidden\" name=\"_wpcf7_locale\" value=\"es_ES\" \/><input type=\"hidden\" name=\"_wpcf7_unit_tag\" value=\"wpcf7-f14074-o1\" \/><input type=\"hidden\" name=\"_wpcf7_container_post\" value=\"0\" \/><input type=\"hidden\" name=\"_wpcf7_posted_data_hash\" value=\"\" \/>\n<\/fieldset>\n<div class=\"hazel-form-simple\">\n\t<div class=\"form_row\">\n\t\t<div class=\"f-half\">\n\t\t\t<p><span class=\"wpcf7-form-control-wrap\" data-name=\"your-name\"><input size=\"40\" maxlength=\"400\" class=\"wpcf7-form-control wpcf7-text wpcf7-validates-as-required\" aria-required=\"true\" aria-invalid=\"false\" placeholder=\"Ingrese nombre completo\" value=\"\" type=\"text\" name=\"your-name\" \/><\/span>\n\t\t\t<\/p>\n\t\t<\/div>\n\t\t<div class=\"f-half\">\n\t\t\t<p><span class=\"wpcf7-form-control-wrap\" data-name=\"your-email\"><input size=\"40\" maxlength=\"400\" class=\"wpcf7-form-control wpcf7-email wpcf7-validates-as-required wpcf7-text wpcf7-validates-as-email\" aria-required=\"true\" aria-invalid=\"false\" placeholder=\"Ingrese correo electr\u00f3nico\" value=\"\" type=\"email\" name=\"your-email\" \/><\/span>\n\t\t\t<\/p>\n\t\t<\/div>\n\t<\/div>\n\t<div class=\"form_row\">\n\t\t<div class=\"f-half\">\n\t\t\t<p><span class=\"wpcf7-form-control-wrap\" data-name=\"your-address\"><input size=\"40\" maxlength=\"400\" class=\"wpcf7-form-control wpcf7-text wpcf7-validates-as-required\" aria-required=\"true\" aria-invalid=\"false\" placeholder=\"Ingrese direcci\u00f3n\" value=\"\" type=\"text\" name=\"your-address\" \/><\/span>\n\t\t\t<\/p>\n\t\t<\/div>\n\t\t<div class=\"f-half\">\n\t\t\t<p><span class=\"wpcf7-form-control-wrap\" data-name=\"your-phone\"><input size=\"40\" maxlength=\"400\" class=\"wpcf7-form-control wpcf7-text wpcf7-validates-as-required\" aria-required=\"true\" aria-invalid=\"false\" placeholder=\"Ingrese n\u00famero de tel\u00e9fono\" value=\"\" type=\"text\" name=\"your-phone\" \/><\/span>\n\t\t\t<\/p>\n\t\t<\/div>\n\t<\/div>\n\t<div class=\"form_row\">\n\t\t<div class=\"f-half\">\n\t\t\t<p><span class=\"wpcf7-form-control-wrap\" data-name=\"your-carbrand\"><input size=\"40\" maxlength=\"400\" class=\"wpcf7-form-control wpcf7-text wpcf7-validates-as-required\" aria-required=\"true\" aria-invalid=\"false\" placeholder=\"Ingrese la marca del coche\" value=\"\" type=\"text\" name=\"your-carbrand\" \/><\/span>\n\t\t\t<\/p>\n\t\t<\/div>\n\t\t<div class=\"f-half\">\n\t\t\t<p><span class=\"wpcf7-form-control-wrap\" data-name=\"your-series\"><input size=\"40\" maxlength=\"400\" class=\"wpcf7-form-control wpcf7-text wpcf7-validates-as-required\" aria-required=\"true\" aria-invalid=\"false\" placeholder=\"Ingrese la serie del coche\" value=\"\" type=\"text\" name=\"your-series\" \/><\/span>\n\t\t\t<\/p>\n\t\t<\/div>\n\t<\/div>\n\t<div class=\"form_row\">\n\t\t<div class=\"f-half\">\n\t\t\t<p><span class=\"wpcf7-form-control-wrap\" data-name=\"your-carcolor\"><input size=\"40\" maxlength=\"400\" class=\"wpcf7-form-control wpcf7-text wpcf7-validates-as-required\" aria-required=\"true\" aria-invalid=\"false\" placeholder=\"Ingrese el color del coche\" value=\"\" type=\"text\" name=\"your-carcolor\" \/><\/span>\n\t\t\t<\/p>\n\t\t<\/div>\n\t\t<div class=\"f-half\">\n\t\t\t<p><span class=\"wpcf7-form-control-wrap\" data-name=\"cartype\"><select class=\"wpcf7-form-control wpcf7-select\" aria-invalid=\"false\" name=\"cartype\"><option value=\"\">Tipo de recubrimiento<\/option><option value=\"SIO1(0\/L)KIT\">SIO1(0\/L)KIT<\/option><option value=\"SIO3(0\/L)KIT\">SIO3(0\/L)KIT<\/option><option value=\"SIO5(0\/L)KIT\">SIO5(0\/L)KIT<\/option><option value=\"SIOY(L)KIT\">SIOY(L)KIT<\/option><\/select><\/span>\n\t\t\t<\/p>\n\t\t<\/div>\n\t<\/div>\n\t<div class=\"form_row\">\n\t\t<p>Advertencia: Solo se permiten tratamientos con kits completos y SIO3 y SIO5 deben aplicarse en combinaci\u00f3n con SIBC\n\t\t<\/p>\n\t<\/div>\n\t<div class=\"form_row\">\n\t\t<div class=\"f-half\">\n\t\t\t<p><span class=\"wpcf7-form-control-wrap\" data-name=\"your-warantycode\"><input size=\"40\" maxlength=\"400\" class=\"wpcf7-form-control wpcf7-text wpcf7-validates-as-required\" aria-required=\"true\" aria-invalid=\"false\" placeholder=\"Ingrese c\u00f3digo de garant\u00eda\" value=\"\" type=\"text\" name=\"your-warantycode\" \/><\/span>\n\t\t\t<\/p>\n\t\t<\/div>\n\t\t<div class=\"f-half cf7-floating\">\n\t\t\t<p><span class=\"wpcf7-form-control-wrap\" data-name=\"applicationdate\"><input class=\"wpcf7-form-control wpcf7-date wpcf7-validates-as-required wpcf7-validates-as-date\" aria-required=\"true\" aria-invalid=\"false\" placeholder=\"Fecha de aplicaci\u00f3n\" value=\"\" type=\"date\" name=\"applicationdate\" \/><\/span><br \/>\n<label for=\"appDate\">dd-mm-aaaa<\/label>\n\t\t\t<\/p>\n\t\t<\/div>\n\t<\/div>\n\t<div class=\"form_row\">\n\t\t<div class=\"f-half\">\n\t\t\t<p><span class=\"wpcf7-form-control-wrap\" data-name=\"your-installername\"><input size=\"40\" maxlength=\"400\" class=\"wpcf7-form-control wpcf7-text wpcf7-validates-as-required\" aria-required=\"true\" aria-invalid=\"false\" placeholder=\"Ingrese nombre del instalador\" value=\"\" type=\"text\" name=\"your-installername\" \/><\/span>\n\t\t\t<\/p>\n\t\t<\/div>\n\t\t<div class=\"f-half\">\n\t\t\t<p><span class=\"wpcf7-form-control-wrap\" data-name=\"your-installerphone\"><input size=\"40\" maxlength=\"400\" class=\"wpcf7-form-control wpcf7-text wpcf7-validates-as-required\" aria-required=\"true\" aria-invalid=\"false\" placeholder=\"Ingrese tel\u00e9fono del instalador\" value=\"\" type=\"text\" name=\"your-installerphone\" \/><\/span>\n\t\t\t<\/p>\n\t\t<\/div>\n\t<\/div>\n\t<div class=\"form_row\">\n\t\t<div class=\"f-half\">\n\t\t\t<p><span class=\"wpcf7-form-control-wrap\" data-name=\"your-installercity\"><input size=\"40\" maxlength=\"400\" class=\"wpcf7-form-control wpcf7-text\" aria-invalid=\"false\" placeholder=\"Ingrese ciudad del instalador\" value=\"\" type=\"text\" name=\"your-installercity\" \/><\/span>\n\t\t\t<\/p>\n\t\t<\/div>\n\t\t<div class=\"f-half\">\n\t\t\t<p><span class=\"wpcf7-form-control-wrap\" data-name=\"UploadCompanyStamp\"><input size=\"40\" class=\"wpcf7-form-control wpcf7-file custom-file-input\" accept=\".png,.jpg,.jpeg,.webp,.pdf,.doc,.docx\" aria-invalid=\"false\" type=\"file\" name=\"UploadCompanyStamp\" \/><\/span>\n\t\t\t<\/p>\n\t\t<\/div>\n\t<\/div>\n\t<div class=\"form_row\">\n\t\t<div class=\"bt-contact\">\n\t\t\t<p><a class=\"button-dark\"  href=\"\"><span><input class=\"wpcf7-form-control wpcf7-submit has-spinner\" type=\"submit\" value=\"Enviar\" \/><\/span><\/a>\n\t\t\t<\/p>\n\t\t<\/div>\n\t<\/div>\n<\/div><div class=\"wpcf7-response-output\" aria-hidden=\"true\"><\/div>\n<\/form>\n<\/div>\n<\/div>\n\t\t\t\t\t\t<\/div>\n\t\t\t\t<\/div>\n\t\t\t\t\t<\/div>\n\t\t\t\t<\/div>\n\t\t<div class=\"elementor-element elementor-element-900a7a3 e-flex e-con-boxed e-con e-parent\" data-id=\"900a7a3\" data-element_type=\"container\">\n\t\t\t\t\t<div class=\"e-con-inner\">\n\t\t\t\t<div class=\"elementor-element elementor-element-97c5845 elementor-widget elementor-widget-text-editor\" data-id=\"97c5845\" data-element_type=\"widget\" data-widget_type=\"text-editor.default\">\n\t\t\t\t\t\t\t\t\t<p>Lorem ipsum dolor sit amet, consectetur adipiscing elit. Ut elit tellus, luctus nec ullamcorper mattis, pulvinar dapibus leo.<\/p>\t\t\t\t\t\t\t\t<\/div>\n\t\t\t\t\t<\/div>\n\t\t\t\t<\/div>\n\t\t\t\t<\/div>\n\t\t","protected":false},"excerpt":{"rendered":"<p>E-Garant\u00eda Automotriz Una vez que un instalador profesional haya tratado su veh\u00edculo con Renew Gloss SIO1 o Gorilla Base-Coat SIBC, en combinaci\u00f3n con Wet Look Gloss SIO3, Diamond Gloss SIO5 o Trinity Fusion SIOY, el recubrimiento cer\u00e1mico aplicado proporcionar\u00e1 durabilidad durante 1, 3, 5 o 10 a\u00f1os, seg\u00fan el sistema seleccionado. Siempre que siga nuestro [&hellip;]<\/p>\n","protected":false},"author":1,"featured_media":0,"parent":0,"menu_order":0,"comment_status":"closed","ping_status":"closed","template":"elementor_header_footer","meta":{"footnotes":""},"class_list":["post-3180","page","type-page","status-publish","hentry"],"_links":{"self":[{"href":"https:\/\/www.nano-ceramic.com\/es\/wp-json\/wp\/v2\/pages\/3180","targetHints":{"allow":["GET"]}}],"collection":[{"href":"https:\/\/www.nano-ceramic.com\/es\/wp-json\/wp\/v2\/pages"}],"about":[{"href":"https:\/\/www.nano-ceramic.com\/es\/wp-json\/wp\/v2\/types\/page"}],"author":[{"embeddable":true,"href":"https:\/\/www.nano-ceramic.com\/es\/wp-json\/wp\/v2\/users\/1"}],"replies":[{"embeddable":true,"href":"https:\/\/www.nano-ceramic.com\/es\/wp-json\/wp\/v2\/comments?post=3180"}],"version-history":[{"count":21,"href":"https:\/\/www.nano-ceramic.com\/es\/wp-json\/wp\/v2\/pages\/3180\/revisions"}],"predecessor-version":[{"id":14081,"href":"https:\/\/www.nano-ceramic.com\/es\/wp-json\/wp\/v2\/pages\/3180\/revisions\/14081"}],"wp:attachment":[{"href":"https:\/\/www.nano-ceramic.com\/es\/wp-json\/wp\/v2\/media?parent=3180"}],"curies":[{"name":"wp","href":"https:\/\/api.w.org\/{rel}","templated":true}]}}