{"id":11743,"date":"2026-02-01T12:09:00","date_gmt":"2026-02-01T12:09:00","guid":{"rendered":"https:\/\/www.nano-ceramic.com\/public-transport\/"},"modified":"2026-04-10T03:23:23","modified_gmt":"2026-04-10T03:23:23","slug":"aviation","status":"publish","type":"page","link":"https:\/\/www.nano-ceramic.com\/pt-pt\/aviation\/","title":{"rendered":"AVIATION"},"content":{"rendered":"\t\t<div data-elementor-type=\"wp-page\" data-elementor-id=\"11743\" class=\"elementor elementor-11743 elementor-11173\">\n\t\t\t\t<div class=\"elementor-element elementor-element-dba92e3 e-flex e-con-boxed e-con e-parent\" data-id=\"dba92e3\" data-element_type=\"container\">\n\t\t\t\t\t<div class=\"e-con-inner\">\n\t\t\t\t<div class=\"elementor-element elementor-element-920aded elementor-widget elementor-widget-heading\" data-id=\"920aded\" data-element_type=\"widget\" data-widget_type=\"heading.default\">\n\t\t\t\t\t<h2 class=\"elementor-heading-title elementor-size-default\">AVIA\u00c7\u00c3O<br>Prote\u00e7\u00e3o de Superf\u00edcies Redefinida<\/h2>\t\t\t\t<\/div>\n\t\t\t\t<div class=\"elementor-element elementor-element-035fa89 elementor-widget elementor-widget-heading\" data-id=\"035fa89\" data-element_type=\"widget\" data-widget_type=\"heading.default\">\n\t\t\t\t\t<h3 class=\"elementor-heading-title elementor-size-default\">Tecnologia Cer\u00e2mica Ultrafina para Manuten\u00e7\u00e3o Aeron\u00e1utica\n<\/h3>\t\t\t\t<\/div>\n\t\t\t\t<div class=\"elementor-element elementor-element-977e71e e-transform elementor-widget elementor-widget-image\" data-id=\"977e71e\" data-element_type=\"widget\" data-settings=\"{&quot;_transform_scale_effect&quot;:{&quot;unit&quot;:&quot;px&quot;,&quot;size&quot;:0.9,&quot;sizes&quot;:[]},&quot;_transform_scale_effect_tablet&quot;:{&quot;unit&quot;:&quot;px&quot;,&quot;size&quot;:&quot;&quot;,&quot;sizes&quot;:[]},&quot;_transform_scale_effect_mobile&quot;:{&quot;unit&quot;:&quot;px&quot;,&quot;size&quot;:&quot;&quot;,&quot;sizes&quot;:[]}}\" data-widget_type=\"image.default\">\n\t\t\t\t\t\t\t\t\t\t\t\t\t\t\t<img fetchpriority=\"high\" decoding=\"async\" width=\"1536\" height=\"1024\" src=\"https:\/\/www.nano-ceramic.com\/wp-content\/uploads\/2026\/02\/Airplane-Landscape-2.png\" class=\"attachment-full size-full wp-image-12672\" alt=\"\" srcset=\"https:\/\/www.nano-ceramic.com\/wp-content\/uploads\/2026\/02\/Airplane-Landscape-2.png 1536w, https:\/\/www.nano-ceramic.com\/wp-content\/uploads\/2026\/02\/Airplane-Landscape-2-300x200.png 300w, https:\/\/www.nano-ceramic.com\/wp-content\/uploads\/2026\/02\/Airplane-Landscape-2-1024x683.png 1024w, https:\/\/www.nano-ceramic.com\/wp-content\/uploads\/2026\/02\/Airplane-Landscape-2-768x512.png 768w\" sizes=\"(max-width: 1536px) 100vw, 1536px\" \/>\t\t\t\t\t\t\t\t\t\t\t\t\t\t\t<\/div>\n\t\t<div class=\"elementor-element elementor-element-872e6ee e-con-full e-flex e-con e-child\" data-id=\"872e6ee\" data-element_type=\"container\">\n\t\t\t\t<div class=\"elementor-element elementor-element-d4f1f64 youtube_btn learnmore popup_video_link_c  elementor-widget__width-inherit elementor-widget-mobile__width-auto elementor-widget elementor-widget-html\" data-id=\"d4f1f64\" data-element_type=\"widget\" data-widget_type=\"html.default\">\n\t\t\t\t\t<a class=\"Twolin_btn twoline_\" href=\"https:\/\/videopress.com\/v\/Lv4FSf6S\" rel=\"noopener\">\n<img decoding=\"async\" class=\"r_image\" src=\"\/wp-content\/uploads\/2026\/01\/youtube-1-2-e1654593001508.png\" \/>\nUVA Topcoat\n<\/a>\t\t\t\t<\/div>\n\t\t\t\t<\/div>\n\t\t\t\t\t<\/div>\n\t\t\t\t<\/div>\n\t\t<div class=\"elementor-element elementor-element-90ba23a e-flex e-con-boxed e-con e-parent\" data-id=\"90ba23a\" data-element_type=\"container\">\n\t\t\t\t\t<div class=\"e-con-inner\">\n\t\t\t\t<div class=\"elementor-element elementor-element-c8cd54d elementor-widget elementor-widget-heading\" data-id=\"c8cd54d\" data-element_type=\"widget\" data-widget_type=\"heading.default\">\n\t\t\t\t\t<h2 class=\"elementor-heading-title elementor-size-default\">Durabilidade Documentada\n<\/h2>\t\t\t\t<\/div>\n\t\t\t\t<div class=\"elementor-element elementor-element-9bf61d8 elementor-widget elementor-widget-heading\" data-id=\"9bf61d8\" data-element_type=\"widget\" data-widget_type=\"heading.default\">\n\t\t\t\t\t<h2 class=\"elementor-heading-title elementor-size-default\">Desempenho Medido, Prote\u00e7\u00e3o de Superf\u00edcies de Grau Aeron\u00e1utico<\/h2>\t\t\t\t<\/div>\n\t\t\t\t\t<\/div>\n\t\t\t\t<\/div>\n\t\t<div class=\"elementor-element elementor-element-d5c2683 e-flex e-con-boxed e-con e-parent\" data-id=\"d5c2683\" data-element_type=\"container\">\n\t\t\t\t\t<div class=\"e-con-inner\">\n\t\t<div class=\"elementor-element elementor-element-17e25a5 e-con-full e-flex e-con e-child\" data-id=\"17e25a5\" data-element_type=\"container\">\n\t\t\t\t<div class=\"elementor-element elementor-element-7fa5b8a e-transform elementor-widget elementor-widget-image\" data-id=\"7fa5b8a\" data-element_type=\"widget\" data-settings=\"{&quot;_transform_scale_effect_mobile&quot;:{&quot;unit&quot;:&quot;px&quot;,&quot;size&quot;:0.95,&quot;sizes&quot;:[]},&quot;_transform_scale_effect&quot;:{&quot;unit&quot;:&quot;px&quot;,&quot;size&quot;:&quot;&quot;,&quot;sizes&quot;:[]},&quot;_transform_scale_effect_tablet&quot;:{&quot;unit&quot;:&quot;px&quot;,&quot;size&quot;:&quot;&quot;,&quot;sizes&quot;:[]}}\" data-widget_type=\"image.default\">\n\t\t\t\t\t\t\t\t\t\t\t\t\t\t\t\t<a href=\"https:\/\/www.nano-ceramic.com\/wp-content\/uploads\/2026\/02\/POR-CP-Folheto-Aviacao-Limpar-e-Proteger-16pgs.pdf\" target=\"_blank\">\n\t\t\t\t\t\t\t<img decoding=\"async\" width=\"233\" height=\"300\" src=\"https:\/\/www.nano-ceramic.com\/wp-content\/uploads\/2026\/02\/POR-CP-Folheto-Aviacao-Limpar-e-Proteger-233x300.png\" class=\"attachment-medium size-medium wp-image-13686\" alt=\"\" srcset=\"https:\/\/www.nano-ceramic.com\/wp-content\/uploads\/2026\/02\/POR-CP-Folheto-Aviacao-Limpar-e-Proteger-233x300.png 233w, https:\/\/www.nano-ceramic.com\/wp-content\/uploads\/2026\/02\/POR-CP-Folheto-Aviacao-Limpar-e-Proteger.png 667w\" sizes=\"(max-width: 233px) 100vw, 233px\" \/>\t\t\t\t\t\t\t\t<\/a>\n\t\t\t\t\t\t\t\t\t\t\t\t\t\t\t<\/div>\n\t\t\t\t<div class=\"elementor-element elementor-element-fdfeb52 youtube_btn learnmore popup_video_link_c elementor-hidden-desktop elementor-hidden-tablet elementor-hidden-mobile elementor-widget elementor-widget-html\" data-id=\"fdfeb52\" data-element_type=\"widget\" data-widget_type=\"html.default\">\n\t\t\t\t\t<a class=\"Twolin_btn\" href=\"https:\/\/videopress.com\/v\/wodo1QLH\"><img decoding=\"async\" class=\"r_image\" src=\"\/wp-content\/uploads\/2026\/01\/study2.png\" \/>Technical Video\r\n<\/a>\t\t\t\t<\/div>\n\t\t\t\t<div class=\"elementor-element elementor-element-4f47fc1 youtube_btn learnmore elementor-widget elementor-widget-html\" data-id=\"4f47fc1\" data-element_type=\"widget\" data-widget_type=\"html.default\">\n\t\t\t\t\t<a class=\"Twolin_btn\" href=\"https:\/\/www.nano-ceramic.com\/wp-content\/uploads\/2026\/01\/POR-CP-Relatorio-de-teste-UVA-8pgs.pdf\" ><img decoding=\"async\" class=\"r_image\" src=\"\/wp-content\/uploads\/2026\/01\/study2.png\" \/>Relat\u00f3rio de Teste\r\n<\/a>\t\t\t\t<\/div>\n\t\t\t\t<div class=\"elementor-element elementor-element-f067c54 youtube_btn learnmore building_video_sec elementor-hidden-desktop elementor-hidden-tablet elementor-hidden-mobile elementor-widget elementor-widget-html\" data-id=\"f067c54\" data-element_type=\"widget\" data-widget_type=\"html.default\">\n\t\t\t\t\t<a class=\"Twolin_btn\" href=\"#\"><img decoding=\"async\" class=\"r_image\" src=\"\/wp-content\/uploads\/2026\/01\/study2.png\" \/>Product Videos\r\n<\/a> \t\t\t\t<\/div>\n\t\t\t\t<\/div>\n\t\t\t\t\t<\/div>\n\t\t\t\t<\/div>\n\t\t<div class=\"elementor-element elementor-element-8308002 e-flex e-con-boxed e-con e-parent\" data-id=\"8308002\" data-element_type=\"container\">\n\t\t\t\t\t<div class=\"e-con-inner\">\n\t\t\t\t<div class=\"elementor-element elementor-element-c22439d elementor-widget elementor-widget-heading\" data-id=\"c22439d\" data-element_type=\"widget\" data-widget_type=\"heading.default\">\n\t\t\t\t\t<h2 class=\"elementor-heading-title elementor-size-default\">Sistemas de Revestimento Cer\u00e2mico para Avia\u00e7\u00e3o<\/h2>\t\t\t\t<\/div>\n\t\t\t\t<div class=\"elementor-element elementor-element-1bdf574 elementor-widget elementor-widget-heading\" data-id=\"1bdf574\" data-element_type=\"widget\" data-widget_type=\"heading.default\">\n\t\t\t\t\t<h2 class=\"elementor-heading-title elementor-size-default\">Prote\u00e7\u00e3o Ultrafina com Dureza e Flexibilidade Ajustadas\n<\/h2>\t\t\t\t<\/div>\n\t\t<div class=\"elementor-element elementor-element-a8184f2 e-grid e-con-full e-con e-child\" data-id=\"a8184f2\" data-element_type=\"container\">\n\t\t\t\t<div class=\"elementor-element elementor-element-c90a80f elementor-widget elementor-widget-image\" data-id=\"c90a80f\" data-element_type=\"widget\" data-widget_type=\"image.default\">\n\t\t\t\t\t\t\t\t\t\t\t\t\t\t\t<img decoding=\"async\" width=\"900\" height=\"390\" src=\"https:\/\/www.nano-ceramic.com\/wp-content\/uploads\/2026\/01\/Left-side-1-_-SIO4-SI24-SI34-SI44.png\" class=\"attachment-full size-full wp-image-3882\" alt=\"\" srcset=\"https:\/\/www.nano-ceramic.com\/wp-content\/uploads\/2026\/01\/Left-side-1-_-SIO4-SI24-SI34-SI44.png 900w, https:\/\/www.nano-ceramic.com\/wp-content\/uploads\/2026\/01\/Left-side-1-_-SIO4-SI24-SI34-SI44-300x130.png 300w, https:\/\/www.nano-ceramic.com\/wp-content\/uploads\/2026\/01\/Left-side-1-_-SIO4-SI24-SI34-SI44-768x333.png 768w\" sizes=\"(max-width: 900px) 100vw, 900px\" \/>\t\t\t\t\t\t\t\t\t\t\t\t\t\t\t<\/div>\n\t\t\t\t<div class=\"elementor-element elementor-element-09e5992 elementor-widget elementor-widget-image\" data-id=\"09e5992\" data-element_type=\"widget\" data-widget_type=\"image.default\">\n\t\t\t\t\t\t\t\t\t\t\t\t\t\t\t<img loading=\"lazy\" decoding=\"async\" width=\"900\" height=\"390\" src=\"https:\/\/www.nano-ceramic.com\/wp-content\/uploads\/2026\/01\/Left-side-2-_-SI54-SI64-SI74-SI84.png\" class=\"attachment-full size-full wp-image-3883\" alt=\"\" srcset=\"https:\/\/www.nano-ceramic.com\/wp-content\/uploads\/2026\/01\/Left-side-2-_-SI54-SI64-SI74-SI84.png 900w, https:\/\/www.nano-ceramic.com\/wp-content\/uploads\/2026\/01\/Left-side-2-_-SI54-SI64-SI74-SI84-300x130.png 300w, https:\/\/www.nano-ceramic.com\/wp-content\/uploads\/2026\/01\/Left-side-2-_-SI54-SI64-SI74-SI84-768x333.png 768w\" sizes=\"(max-width: 900px) 100vw, 900px\" \/>\t\t\t\t\t\t\t\t\t\t\t\t\t\t\t<\/div>\n\t\t\t\t<\/div>\n\t\t\t\t\t<\/div>\n\t\t\t\t<\/div>\n\t\t<div class=\"elementor-element elementor-element-fc1290a e-flex e-con-boxed e-con e-parent\" data-id=\"fc1290a\" data-element_type=\"container\">\n\t\t\t\t\t<div class=\"e-con-inner\">\n\t\t\t\t<div class=\"elementor-element elementor-element-d3006e6 elementor-widget elementor-widget-heading\" data-id=\"d3006e6\" data-element_type=\"widget\" data-widget_type=\"heading.default\">\n\t\t\t\t\t<h2 class=\"elementor-heading-title elementor-size-default\">Corantes Super Transparentes<\/h2>\t\t\t\t<\/div>\n\t\t\t\t<div class=\"elementor-element elementor-element-c35591d elementor-widget elementor-widget-heading\" data-id=\"c35591d\" data-element_type=\"widget\" data-widget_type=\"heading.default\">\n\t\t\t\t\t<h2 class=\"elementor-heading-title elementor-size-default\">Baseado na Tecnologia de Chips de Pigmento CAB<\/h2>\t\t\t\t<\/div>\n\t\t<div class=\"elementor-element elementor-element-ff1921d e-con-full e-flex e-con e-child\" data-id=\"ff1921d\" data-element_type=\"container\">\n\t\t\t\t<div class=\"elementor-element elementor-element-96a837f elementor-widget elementor-widget-image\" data-id=\"96a837f\" data-element_type=\"widget\" data-widget_type=\"image.default\">\n\t\t\t\t\t\t\t\t\t\t\t\t\t\t\t<img loading=\"lazy\" decoding=\"async\" width=\"2560\" height=\"813\" src=\"https:\/\/www.nano-ceramic.com\/wp-content\/uploads\/2026\/02\/Left-side-1-Colorants-Chips-scaled.png\" class=\"attachment-full size-full wp-image-12228\" alt=\"\" srcset=\"https:\/\/www.nano-ceramic.com\/wp-content\/uploads\/2026\/02\/Left-side-1-Colorants-Chips-scaled.png 2560w, https:\/\/www.nano-ceramic.com\/wp-content\/uploads\/2026\/02\/Left-side-1-Colorants-Chips-300x95.png 300w, https:\/\/www.nano-ceramic.com\/wp-content\/uploads\/2026\/02\/Left-side-1-Colorants-Chips-1024x325.png 1024w, https:\/\/www.nano-ceramic.com\/wp-content\/uploads\/2026\/02\/Left-side-1-Colorants-Chips-768x244.png 768w, https:\/\/www.nano-ceramic.com\/wp-content\/uploads\/2026\/02\/Left-side-1-Colorants-Chips-1536x488.png 1536w, https:\/\/www.nano-ceramic.com\/wp-content\/uploads\/2026\/02\/Left-side-1-Colorants-Chips-2048x650.png 2048w\" sizes=\"(max-width: 2560px) 100vw, 2560px\" \/>\t\t\t\t\t\t\t\t\t\t\t\t\t\t\t<\/div>\n\t\t\t\t<\/div>\n\t\t\t\t\t<\/div>\n\t\t\t\t<\/div>\n\t\t<div class=\"elementor-element elementor-element-5f022b2 e-flex e-con-boxed e-con e-parent\" data-id=\"5f022b2\" data-element_type=\"container\">\n\t\t\t\t\t<div class=\"e-con-inner\">\n\t\t\t\t<div class=\"elementor-element elementor-element-d63acea elementor-widget elementor-widget-image\" data-id=\"d63acea\" data-element_type=\"widget\" data-widget_type=\"image.default\">\n\t\t\t\t\t\t\t\t\t\t\t\t\t\t\t\t<a href=\"https:\/\/www.nano-ceramic.com\/pt-pt\/faq-asked-questions-aviation\/\">\n\t\t\t\t\t\t\t<img loading=\"lazy\" decoding=\"async\" width=\"685\" height=\"1024\" src=\"https:\/\/www.nano-ceramic.com\/wp-content\/uploads\/2026\/02\/POR-FAQ-Aviation-1-685x1024.png\" class=\"attachment-large size-large wp-image-11756\" alt=\"\" srcset=\"https:\/\/www.nano-ceramic.com\/wp-content\/uploads\/2026\/02\/POR-FAQ-Aviation-1-685x1024.png 685w, https:\/\/www.nano-ceramic.com\/wp-content\/uploads\/2026\/02\/POR-FAQ-Aviation-1-201x300.png 201w, https:\/\/www.nano-ceramic.com\/wp-content\/uploads\/2026\/02\/POR-FAQ-Aviation-1-768x1148.png 768w, https:\/\/www.nano-ceramic.com\/wp-content\/uploads\/2026\/02\/POR-FAQ-Aviation-1-1028x1536.png 1028w, https:\/\/www.nano-ceramic.com\/wp-content\/uploads\/2026\/02\/POR-FAQ-Aviation-1.png 1146w\" sizes=\"(max-width: 685px) 100vw, 685px\" \/>\t\t\t\t\t\t\t\t<\/a>\n\t\t\t\t\t\t\t\t\t\t\t\t\t\t\t<\/div>\n\t\t\t\t<div class=\"elementor-element elementor-element-eebdd40 elementor-widget elementor-widget-heading\" data-id=\"eebdd40\" data-element_type=\"widget\" data-widget_type=\"heading.default\">\n\t\t\t\t\t<h2 class=\"elementor-heading-title elementor-size-default\">Ind\u00fastrias Atendidas\n<\/h2>\t\t\t\t<\/div>\n\t\t\t\t\t<\/div>\n\t\t\t\t<\/div>\n\t\t<div class=\"elementor-element elementor-element-d2c3e55 e-flex e-con-boxed e-con e-parent\" data-id=\"d2c3e55\" data-element_type=\"container\">\n\t\t\t\t\t<div class=\"e-con-inner\">\n\t\t<div class=\"elementor-element elementor-element-d263575 e-con-full e-flex e-con e-child\" data-id=\"d263575\" data-element_type=\"container\">\n\t\t\t\t<div class=\"elementor-element elementor-element-6ecc3ad elementor-widget elementor-widget-image\" data-id=\"6ecc3ad\" data-element_type=\"widget\" data-widget_type=\"image.default\">\n\t\t\t\t\t\t\t\t\t\t\t\t\t\t\t\t<a href=\"https:\/\/www.nano-ceramic.com\/wp-content\/uploads\/2026\/02\/POR-CP-Folheto-Agricola_Equipamentos-Pesados-Limpar-e-Proteger-34pgs.pdf\">\n\t\t\t\t\t\t\t<img loading=\"lazy\" decoding=\"async\" width=\"667\" height=\"860\" src=\"https:\/\/www.nano-ceramic.com\/wp-content\/uploads\/2026\/02\/Agricultural-Clean-Protect-2.png\" class=\"attachment-large size-large wp-image-13677\" alt=\"\" srcset=\"https:\/\/www.nano-ceramic.com\/wp-content\/uploads\/2026\/02\/Agricultural-Clean-Protect-2.png 667w, https:\/\/www.nano-ceramic.com\/wp-content\/uploads\/2026\/02\/Agricultural-Clean-Protect-2-233x300.png 233w\" sizes=\"(max-width: 667px) 100vw, 667px\" \/>\t\t\t\t\t\t\t\t<\/a>\n\t\t\t\t\t\t\t\t\t\t\t\t\t\t\t<\/div>\n\t\t\t\t<\/div>\n\t\t<div class=\"elementor-element elementor-element-3bb4010 e-con-full e-flex e-con e-child\" data-id=\"3bb4010\" data-element_type=\"container\">\n\t\t\t\t<div class=\"elementor-element elementor-element-cbe5f33 elementor-widget elementor-widget-image\" data-id=\"cbe5f33\" data-element_type=\"widget\" data-widget_type=\"image.default\">\n\t\t\t\t\t\t\t\t\t\t\t\t\t\t\t\t<a href=\"https:\/\/www.nano-ceramic.com\/wp-content\/uploads\/2026\/02\/POR-PC-Folheto-Objetos-Industriais-Sistemas-de-Revestimento-Permanente-22pgs.pdf\">\n\t\t\t\t\t\t\t<img loading=\"lazy\" decoding=\"async\" width=\"667\" height=\"860\" src=\"https:\/\/www.nano-ceramic.com\/wp-content\/uploads\/2026\/02\/POR-PC-Folheto-Objetos-Industriais-Sistemas-de-Revestimento-Permanente.png\" class=\"attachment-large size-large wp-image-13685\" alt=\"\" srcset=\"https:\/\/www.nano-ceramic.com\/wp-content\/uploads\/2026\/02\/POR-PC-Folheto-Objetos-Industriais-Sistemas-de-Revestimento-Permanente.png 667w, https:\/\/www.nano-ceramic.com\/wp-content\/uploads\/2026\/02\/POR-PC-Folheto-Objetos-Industriais-Sistemas-de-Revestimento-Permanente-233x300.png 233w\" sizes=\"(max-width: 667px) 100vw, 667px\" \/>\t\t\t\t\t\t\t\t<\/a>\n\t\t\t\t\t\t\t\t\t\t\t\t\t\t\t<\/div>\n\t\t\t\t<\/div>\n\t\t<div class=\"elementor-element elementor-element-ba956e9 e-con-full e-flex e-con e-child\" data-id=\"ba956e9\" data-element_type=\"container\">\n\t\t\t\t<div class=\"elementor-element elementor-element-bf77419 elementor-widget elementor-widget-image\" data-id=\"bf77419\" data-element_type=\"widget\" data-widget_type=\"image.default\">\n\t\t\t\t\t\t\t\t\t\t\t\t\t\t\t\t<a href=\"https:\/\/www.nano-ceramic.com\/wp-content\/uploads\/2026\/02\/POR-CP-Folheto-Marinho-Sistemas-de-Revestimento-Permanente-32pgs.pdf\">\n\t\t\t\t\t\t\t<img loading=\"lazy\" decoding=\"async\" width=\"667\" height=\"860\" src=\"https:\/\/www.nano-ceramic.com\/wp-content\/uploads\/2026\/02\/POR-CP-Folheto-Marinho-Sistemas-de-Revestimento-Permanente.png\" class=\"attachment-large size-large wp-image-13674\" alt=\"\" srcset=\"https:\/\/www.nano-ceramic.com\/wp-content\/uploads\/2026\/02\/POR-CP-Folheto-Marinho-Sistemas-de-Revestimento-Permanente.png 667w, https:\/\/www.nano-ceramic.com\/wp-content\/uploads\/2026\/02\/POR-CP-Folheto-Marinho-Sistemas-de-Revestimento-Permanente-233x300.png 233w\" sizes=\"(max-width: 667px) 100vw, 667px\" \/>\t\t\t\t\t\t\t\t<\/a>\n\t\t\t\t\t\t\t\t\t\t\t\t\t\t\t<\/div>\n\t\t\t\t<\/div>\n\t\t<div class=\"elementor-element elementor-element-0a5bb41 e-con-full e-flex e-con e-child\" data-id=\"0a5bb41\" data-element_type=\"container\">\n\t\t\t\t<div class=\"elementor-element elementor-element-43c5c26 elementor-widget elementor-widget-image\" data-id=\"43c5c26\" data-element_type=\"widget\" data-widget_type=\"image.default\">\n\t\t\t\t\t\t\t\t\t\t\t\t\t\t\t\t<a href=\"https:\/\/www.nano-ceramic.com\/wp-content\/uploads\/2026\/02\/POR-PC-Folheto-Militar-e-Marinha-Sistemas-de-Revestimento-Permanente-24pgs.pdf\">\n\t\t\t\t\t\t\t<img loading=\"lazy\" decoding=\"async\" width=\"667\" height=\"860\" src=\"https:\/\/www.nano-ceramic.com\/wp-content\/uploads\/2026\/02\/POR-PC-Folheto-Militar-e-Marinha-Sistemas-de-Revestimento-Permanente.png\" class=\"attachment-large size-large wp-image-13684\" alt=\"\" srcset=\"https:\/\/www.nano-ceramic.com\/wp-content\/uploads\/2026\/02\/POR-PC-Folheto-Militar-e-Marinha-Sistemas-de-Revestimento-Permanente.png 667w, https:\/\/www.nano-ceramic.com\/wp-content\/uploads\/2026\/02\/POR-PC-Folheto-Militar-e-Marinha-Sistemas-de-Revestimento-Permanente-233x300.png 233w\" sizes=\"(max-width: 667px) 100vw, 667px\" \/>\t\t\t\t\t\t\t\t<\/a>\n\t\t\t\t\t\t\t\t\t\t\t\t\t\t\t<\/div>\n\t\t\t\t<\/div>\n\t\t<div class=\"elementor-element elementor-element-6c933e4 e-con-full e-flex e-con e-child\" data-id=\"6c933e4\" data-element_type=\"container\">\n\t\t\t\t<div class=\"elementor-element elementor-element-90f2317 elementor-widget elementor-widget-image\" data-id=\"90f2317\" data-element_type=\"widget\" data-widget_type=\"image.default\">\n\t\t\t\t\t\t\t\t\t\t\t\t\t\t\t\t<a href=\"https:\/\/www.nano-ceramic.com\/wp-content\/uploads\/2026\/02\/POR-CP-Folheto-Transporte-Publico-Limpar-e-Proteger-48pgs.pdf\">\n\t\t\t\t\t\t\t<img loading=\"lazy\" decoding=\"async\" width=\"667\" height=\"860\" src=\"https:\/\/www.nano-ceramic.com\/wp-content\/uploads\/2026\/02\/POR-CP-Folheto-Transporte-Publico-Limpar-e-Proteger.png\" class=\"attachment-large size-large wp-image-13682\" alt=\"\" srcset=\"https:\/\/www.nano-ceramic.com\/wp-content\/uploads\/2026\/02\/POR-CP-Folheto-Transporte-Publico-Limpar-e-Proteger.png 667w, https:\/\/www.nano-ceramic.com\/wp-content\/uploads\/2026\/02\/POR-CP-Folheto-Transporte-Publico-Limpar-e-Proteger-233x300.png 233w\" sizes=\"(max-width: 667px) 100vw, 667px\" \/>\t\t\t\t\t\t\t\t<\/a>\n\t\t\t\t\t\t\t\t\t\t\t\t\t\t\t<\/div>\n\t\t\t\t<\/div>\n\t\t<div class=\"elementor-element elementor-element-47b4c97 e-con-full e-flex e-con e-child\" data-id=\"47b4c97\" data-element_type=\"container\">\n\t\t\t\t<div class=\"elementor-element elementor-element-8fa646b elementor-widget elementor-widget-image\" data-id=\"8fa646b\" data-element_type=\"widget\" data-widget_type=\"image.default\">\n\t\t\t\t\t\t\t\t\t\t\t\t\t\t\t\t<a href=\"https:\/\/www.nano-ceramic.com\/wp-content\/uploads\/2026\/02\/POR-CP-Folheto-Transporte-Limpar-e-Proteger-36pgs.pdf\">\n\t\t\t\t\t\t\t<img loading=\"lazy\" decoding=\"async\" width=\"667\" height=\"860\" src=\"https:\/\/www.nano-ceramic.com\/wp-content\/uploads\/2026\/02\/POR-CP-Folheto-Transporte-Limpar-e-Proteger.png\" class=\"attachment-large size-large wp-image-13683\" alt=\"\" srcset=\"https:\/\/www.nano-ceramic.com\/wp-content\/uploads\/2026\/02\/POR-CP-Folheto-Transporte-Limpar-e-Proteger.png 667w, https:\/\/www.nano-ceramic.com\/wp-content\/uploads\/2026\/02\/POR-CP-Folheto-Transporte-Limpar-e-Proteger-233x300.png 233w\" sizes=\"(max-width: 667px) 100vw, 667px\" \/>\t\t\t\t\t\t\t\t<\/a>\n\t\t\t\t\t\t\t\t\t\t\t\t\t\t\t<\/div>\n\t\t\t\t<\/div>\n\t\t\t\t\t<\/div>\n\t\t\t\t<\/div>\n\t\t<div class=\"elementor-element elementor-element-56127b4 elementor-hidden-mobile e-flex e-con-boxed e-con e-parent\" data-id=\"56127b4\" data-element_type=\"container\">\n\t\t\t\t\t<div class=\"e-con-inner\">\n\t\t<div class=\"elementor-element elementor-element-90b2e61 e-con-full e-flex e-con e-child\" data-id=\"90b2e61\" data-element_type=\"container\">\n\t\t\t\t<div class=\"elementor-element elementor-element-9a8414b elementor-widget elementor-widget-heading\" data-id=\"9a8414b\" data-element_type=\"widget\" data-widget_type=\"heading.default\">\n\t\t\t\t\t<h2 class=\"elementor-heading-title elementor-size-default\">Encontre o Instalador Mais Pr\u00f3ximo\n<\/h2>\t\t\t\t<\/div>\n\t\t\t\t<div class=\"elementor-element elementor-element-820b85b map_poup_img elementor-widget elementor-widget-image\" data-id=\"820b85b\" data-element_type=\"widget\" data-widget_type=\"image.default\">\n\t\t\t\t\t\t\t\t\t\t\t\t\t\t\t<img loading=\"lazy\" decoding=\"async\" width=\"1170\" height=\"587\" src=\"https:\/\/www.nano-ceramic.com\/wp-content\/uploads\/2026\/01\/POR-CARREGAR-MAPA-PCMobile-Landscape.png\" class=\"attachment-full size-full wp-image-6521\" alt=\"\" srcset=\"https:\/\/www.nano-ceramic.com\/wp-content\/uploads\/2026\/01\/POR-CARREGAR-MAPA-PCMobile-Landscape.png 1170w, https:\/\/www.nano-ceramic.com\/wp-content\/uploads\/2026\/01\/POR-CARREGAR-MAPA-PCMobile-Landscape-300x151.png 300w, https:\/\/www.nano-ceramic.com\/wp-content\/uploads\/2026\/01\/POR-CARREGAR-MAPA-PCMobile-Landscape-1024x514.png 1024w, https:\/\/www.nano-ceramic.com\/wp-content\/uploads\/2026\/01\/POR-CARREGAR-MAPA-PCMobile-Landscape-768x385.png 768w\" sizes=\"(max-width: 1170px) 100vw, 1170px\" \/>\t\t\t\t\t\t\t\t\t\t\t\t\t\t\t<\/div>\n\t\t\t\t<\/div>\n\t\t\t\t\t<\/div>\n\t\t\t\t<\/div>\n\t\t<div class=\"elementor-element elementor-element-5d3161b elementor-hidden-desktop elementor-hidden-tablet e-flex e-con-boxed e-con e-parent\" data-id=\"5d3161b\" data-element_type=\"container\">\n\t\t\t\t\t<div class=\"e-con-inner\">\n\t\t<div class=\"elementor-element elementor-element-f376c22 e-con-full e-flex e-con e-child\" data-id=\"f376c22\" data-element_type=\"container\">\n\t\t\t\t<div class=\"elementor-element elementor-element-1aaee36 elementor-widget elementor-widget-heading\" data-id=\"1aaee36\" data-element_type=\"widget\" data-widget_type=\"heading.default\">\n\t\t\t\t\t<h2 class=\"elementor-heading-title elementor-size-default\">Encontre o Instalador Mais Pr\u00f3ximo\n<\/h2>\t\t\t\t<\/div>\n\t\t\t\t<div class=\"elementor-element elementor-element-e6dd0c1 map_poup_img elementor-widget elementor-widget-image\" data-id=\"e6dd0c1\" data-element_type=\"widget\" data-widget_type=\"image.default\">\n\t\t\t\t\t\t\t\t\t\t\t\t\t\t\t<img loading=\"lazy\" decoding=\"async\" width=\"1600\" height=\"992\" src=\"https:\/\/www.nano-ceramic.com\/wp-content\/uploads\/2026\/01\/POR-CARREGAR-MAPA-Moile-Portret-1.png\" class=\"attachment-full size-full wp-image-9601\" alt=\"\" srcset=\"https:\/\/www.nano-ceramic.com\/wp-content\/uploads\/2026\/01\/POR-CARREGAR-MAPA-Moile-Portret-1.png 1600w, https:\/\/www.nano-ceramic.com\/wp-content\/uploads\/2026\/01\/POR-CARREGAR-MAPA-Moile-Portret-1-300x186.png 300w, https:\/\/www.nano-ceramic.com\/wp-content\/uploads\/2026\/01\/POR-CARREGAR-MAPA-Moile-Portret-1-1024x635.png 1024w, https:\/\/www.nano-ceramic.com\/wp-content\/uploads\/2026\/01\/POR-CARREGAR-MAPA-Moile-Portret-1-768x476.png 768w, https:\/\/www.nano-ceramic.com\/wp-content\/uploads\/2026\/01\/POR-CARREGAR-MAPA-Moile-Portret-1-1536x952.png 1536w\" sizes=\"(max-width: 1600px) 100vw, 1600px\" \/>\t\t\t\t\t\t\t\t\t\t\t\t\t\t\t<\/div>\n\t\t\t\t<\/div>\n\t\t\t\t\t<\/div>\n\t\t\t\t<\/div>\n\t\t\t\t<\/div>\n\t\t","protected":false},"excerpt":{"rendered":"<p>AVIA\u00c7\u00c3OProte\u00e7\u00e3o de Superf\u00edcies Redefinida Tecnologia Cer\u00e2mica Ultrafina para Manuten\u00e7\u00e3o Aeron\u00e1utica UVA Topcoat Durabilidade Documentada Desempenho Medido, Prote\u00e7\u00e3o de Superf\u00edcies de Grau Aeron\u00e1utico Technical Video Relat\u00f3rio de Teste Product Videos Sistemas de Revestimento Cer\u00e2mico para Avia\u00e7\u00e3o Prote\u00e7\u00e3o Ultrafina com Dureza e Flexibilidade Ajustadas Corantes Super Transparentes Baseado na Tecnologia de Chips de Pigmento CAB Ind\u00fastrias Atendidas [&hellip;]<\/p>\n","protected":false},"author":5,"featured_media":0,"parent":0,"menu_order":0,"comment_status":"closed","ping_status":"closed","template":"elementor_header_footer","meta":{"footnotes":""},"class_list":["post-11743","page","type-page","status-publish","hentry"],"_links":{"self":[{"href":"https:\/\/www.nano-ceramic.com\/pt-pt\/wp-json\/wp\/v2\/pages\/11743","targetHints":{"allow":["GET"]}}],"collection":[{"href":"https:\/\/www.nano-ceramic.com\/pt-pt\/wp-json\/wp\/v2\/pages"}],"about":[{"href":"https:\/\/www.nano-ceramic.com\/pt-pt\/wp-json\/wp\/v2\/types\/page"}],"author":[{"embeddable":true,"href":"https:\/\/www.nano-ceramic.com\/pt-pt\/wp-json\/wp\/v2\/users\/5"}],"replies":[{"embeddable":true,"href":"https:\/\/www.nano-ceramic.com\/pt-pt\/wp-json\/wp\/v2\/comments?post=11743"}],"version-history":[{"count":31,"href":"https:\/\/www.nano-ceramic.com\/pt-pt\/wp-json\/wp\/v2\/pages\/11743\/revisions"}],"predecessor-version":[{"id":14910,"href":"https:\/\/www.nano-ceramic.com\/pt-pt\/wp-json\/wp\/v2\/pages\/11743\/revisions\/14910"}],"wp:attachment":[{"href":"https:\/\/www.nano-ceramic.com\/pt-pt\/wp-json\/wp\/v2\/media?parent=11743"}],"curies":[{"name":"wp","href":"https:\/\/api.w.org\/{rel}","templated":true}]}}