{"id":2364,"date":"2026-01-05T06:13:28","date_gmt":"2026-01-05T06:13:28","guid":{"rendered":"https:\/\/www.nano-ceramic.com\/about\/"},"modified":"2026-01-21T09:42:35","modified_gmt":"2026-01-21T09:42:35","slug":"about","status":"publish","type":"page","link":"https:\/\/www.nano-ceramic.com\/pt-pt\/about\/","title":{"rendered":"About"},"content":{"rendered":"\t\t<div data-elementor-type=\"wp-page\" data-elementor-id=\"2364\" class=\"elementor elementor-2364 elementor-26\">\n\t\t\t\t<div class=\"elementor-element elementor-element-70d7874 e-flex e-con-boxed e-con e-parent\" data-id=\"70d7874\" data-element_type=\"container\">\n\t\t\t\t\t<div class=\"e-con-inner\">\n\t\t<div class=\"elementor-element elementor-element-54fed8b e-con-full e-flex e-con e-child\" data-id=\"54fed8b\" data-element_type=\"container\">\n\t\t\t\t<div class=\"elementor-element elementor-element-faedd0b elementor-widget elementor-widget-heading\" data-id=\"faedd0b\" data-element_type=\"widget\" data-widget_type=\"heading.default\">\n\t\t\t\t\t<h2 class=\"elementor-heading-title elementor-size-default\">Sobre n\u00f3s<\/h2>\t\t\t\t<\/div>\n\t\t\t\t<div class=\"elementor-element elementor-element-209229f elementor-widget elementor-widget-text-editor\" data-id=\"209229f\" data-element_type=\"widget\" data-widget_type=\"text-editor.default\">\n\t\t\t\t\t\t\t\t\t<p style=\"text-align: left;\" data-start=\"115\" data-end=\"638\">A <strong data-start=\"117\" data-end=\"134\">NANO\u2013CERAMIC\u00ae<\/strong> esteve originalmente associada a uma empresa alem\u00e3 de revestimentos industriais OEM. Em 2014, a empresa transferiu-se para a Indon\u00e9sia para atender o mercado asi\u00e1tico. Devido ao forte interesse do mercado e ao sucesso inicial, a <strong data-start=\"364\" data-end=\"381\">NANO\u2013CERAMIC\u00ae<\/strong> estabeleceu a sua primeira linha de produ\u00e7\u00e3o em 2015, introduzindo uma gama de produtos voltados para o segmento automotivo de consumo. Estes produtos s\u00e3o baseados em compostos moleculares nano-cer\u00e2micos e s\u00e3o comercializados sob a marca <strong data-start=\"620\" data-end=\"637\">NANO\u2013CERAMIC\u00ae<\/strong>.<\/p><p style=\"text-align: left;\" data-start=\"640\" data-end=\"1058\">A ind\u00fastria automotiva \u00e9 um setor din\u00e2mico, em constante evolu\u00e7\u00e3o e altamente inovador, que exige elevados padr\u00f5es de qualidade e solu\u00e7\u00f5es economicamente eficientes. Desde o endurecimento de alta qualidade de componentes automotivos at\u00e9 a prote\u00e7\u00e3o contra corros\u00e3o e revestimentos de pintura resistentes a riscos, a <strong data-start=\"955\" data-end=\"972\">NANO\u2013CERAMIC\u00ae<\/strong> desenvolveu uma Cole\u00e7\u00e3o Automotiva completa, atualmente bem recebida em todo o mundo.<\/p><hr data-start=\"1019\" data-end=\"1022\" \/><h3 style=\"text-align: left;\" data-start=\"1024\" data-end=\"1049\">\u00a0<\/h3>\t\t\t\t\t\t\t\t<\/div>\n\t\t\t\t<\/div>\n\t\t<div class=\"elementor-element elementor-element-885c475 e-con-full e-flex e-con e-child\" data-id=\"885c475\" data-element_type=\"container\">\n\t\t\t\t<div class=\"elementor-element elementor-element-a95b7b1 elementor-widget elementor-widget-image\" data-id=\"a95b7b1\" data-element_type=\"widget\" data-widget_type=\"image.default\">\n\t\t\t\t\t\t\t\t\t\t\t\t\t\t\t<img fetchpriority=\"high\" decoding=\"async\" width=\"800\" height=\"524\" src=\"https:\/\/www.nano-ceramic.com\/wp-content\/uploads\/2026\/01\/xx.jpg\" class=\"attachment-large size-large wp-image-2365\" alt=\"\" srcset=\"https:\/\/www.nano-ceramic.com\/wp-content\/uploads\/2026\/01\/xx.jpg 824w, https:\/\/www.nano-ceramic.com\/wp-content\/uploads\/2026\/01\/xx-300x197.jpg 300w, https:\/\/www.nano-ceramic.com\/wp-content\/uploads\/2026\/01\/xx-768x503.jpg 768w\" sizes=\"(max-width: 800px) 100vw, 800px\" \/>\t\t\t\t\t\t\t\t\t\t\t\t\t\t\t<\/div>\n\t\t\t\t<\/div>\n\t\t<div class=\"elementor-element elementor-element-551eca7 e-con-full e-flex e-con e-child\" data-id=\"551eca7\" data-element_type=\"container\">\n\t\t\t\t<div class=\"elementor-element elementor-element-a162fea elementor-widget elementor-widget-text-editor\" data-id=\"a162fea\" data-element_type=\"widget\" data-widget_type=\"text-editor.default\">\n\t\t\t\t\t\t\t\t\t<p style=\"text-align: left;\" data-start=\"298\" data-end=\"886\">Ao longo do tempo, a <strong data-start=\"319\" data-end=\"336\">NANO\u2013CERAMIC\u00ae<\/strong> tornou-se um fornecedor l\u00edder de solu\u00e7\u00f5es de limpeza e prote\u00e7\u00e3o para designers, empreiteiros e grandes promotores imobili\u00e1rios residenciais e comerciais. Estes produtos s\u00e3o adequados para praticamente qualquer superf\u00edcie imagin\u00e1vel \u2014 desde hot\u00e9is at\u00e9 comboios, e desde casas de banho at\u00e9 cozinhas. Os nossos nano-revestimentos dur\u00e1veis s\u00e3o seguros para contacto com alimentos, f\u00e1ceis de aplicar, reduzem o tempo de limpeza e protegem ativos de alto valor. Esta gama de produtos \u00e9 amplamente conhecida e comercializada sob o nome <strong data-start=\"866\" data-end=\"885\">Clean &amp; Protect<\/strong>.<\/p><p style=\"text-align: left;\" data-start=\"888\" data-end=\"1573\">Ap\u00f3s tr\u00eas anos de desenvolvimento, a <strong data-start=\"925\" data-end=\"942\">NANO\u2013CERAMIC\u00ae<\/strong> lan\u00e7ou o seu <strong data-start=\"956\" data-end=\"994\">Sistema de Revestimento Permanente<\/strong> no terceiro trimestre de 2023. Desenvolvido para designers, empreiteiros e grandes promotores imobili\u00e1rios, este sistema oferece uma durabilidade de at\u00e9 <strong data-start=\"1148\" data-end=\"1159\">20 anos<\/strong>. As possibilidades de aplica\u00e7\u00e3o destes revestimentos de prote\u00e7\u00e3o de longa dura\u00e7\u00e3o s\u00e3o praticamente ilimitadas, uma vez que podem ser aplicados numa vasta gama de materiais, como bet\u00e3o, madeira, a\u00e7o, fibra de vidro e pedra. S\u00e3o igualmente ideais para a prote\u00e7\u00e3o de componentes e superf\u00edcies met\u00e1licas \u2014 pintadas ou n\u00e3o pintadas \u2014 bem como de navios, plataformas petrol\u00edferas, fachadas e edif\u00edcios de grande altura.<\/p><p style=\"text-align: left;\" data-start=\"1575\" data-end=\"1691\">O <strong data-start=\"1577\" data-end=\"1615\">Sistema de Revestimento Permanente<\/strong> representa uma solu\u00e7\u00e3o de prote\u00e7\u00e3o superior para quase qualquer superf\u00edcie.<\/p><p style=\"text-align: left;\" data-start=\"1693\" data-end=\"1939\">Com a introdu\u00e7\u00e3o deste Sistema de Revestimento Permanente, a <strong data-start=\"1754\" data-end=\"1771\">NANO\u2013CERAMIC\u00ae<\/strong> posiciona-se como uma das pouqu\u00edssimas empresas a n\u00edvel mundial capazes de preparar, limpar e proteger praticamente qualquer superf\u00edcie da forma mais dur\u00e1vel poss\u00edvel.<\/p><p style=\"text-align: left;\" data-start=\"1941\" data-end=\"2330\">Esta cole\u00e7\u00e3o de produtos \u00e9 posicionada o mais pr\u00f3ximo poss\u00edvel dos instaladores profissionais e dos seus utilizadores finais atrav\u00e9s de uma plataforma de com\u00e9rcio eletr\u00f3nico totalmente automatizada e multissegmentada. Os utilizadores finais podem descarregar brochuras e calcular or\u00e7amentos online, que s\u00e3o depois automaticamente encaminhados para o instalador mais pr\u00f3ximo dentro da rede.<\/p><p style=\"text-align: left;\" data-start=\"2332\" data-end=\"2675\">Desta forma, a <strong data-start=\"2347\" data-end=\"2364\">NANO\u2013CERAMIC\u00ae<\/strong> oferece aos detalhadores automotivos existentes a oportunidade de um crescimento ilimitado, ao mesmo tempo que reduz significativamente o risco do neg\u00f3cio, permitindo-lhes operar simultaneamente em v\u00e1rios segmentos de mercado utilizando o mesmo conjunto de compet\u00eancias essenciais e a mesma equipa de trabalho.<\/p>\t\t\t\t\t\t\t\t<\/div>\n\t\t\t\t<\/div>\n\t\t\t\t\t<\/div>\n\t\t\t\t<\/div>\n\t\t<div class=\"elementor-element elementor-element-ebe01ce e-flex e-con-boxed e-con e-parent\" data-id=\"ebe01ce\" data-element_type=\"container\">\n\t\t\t\t\t<div class=\"e-con-inner\">\n\t\t\t\t<div class=\"elementor-element elementor-element-a90e49c elementor-widget-divider--view-line elementor-widget elementor-widget-divider\" data-id=\"a90e49c\" data-element_type=\"widget\" data-widget_type=\"divider.default\">\n\t\t\t\t\t\t\t<div class=\"elementor-divider\">\n\t\t\t<span class=\"elementor-divider-separator\">\n\t\t\t\t\t\t<\/span>\n\t\t<\/div>\n\t\t\t\t\t\t<\/div>\n\t\t\t\t\t<\/div>\n\t\t\t\t<\/div>\n\t\t<div class=\"elementor-element elementor-element-551594b e-flex e-con-boxed e-con e-parent\" data-id=\"551594b\" data-element_type=\"container\">\n\t\t\t\t\t<div class=\"e-con-inner\">\n\t\t<div class=\"elementor-element elementor-element-8f37210 e-con-full e-flex e-con e-child\" data-id=\"8f37210\" data-element_type=\"container\">\n\t\t\t\t<div class=\"elementor-element elementor-element-eb56f59 elementor-widget elementor-widget-image\" data-id=\"eb56f59\" data-element_type=\"widget\" data-widget_type=\"image.default\">\n\t\t\t\t\t\t\t\t\t\t\t\t\t\t\t<img decoding=\"async\" width=\"800\" height=\"901\" src=\"https:\/\/www.nano-ceramic.com\/wp-content\/uploads\/2026\/01\/fluoropolymer-antifouling-paint-909x1024.png\" class=\"attachment-large size-large wp-image-6792\" alt=\"\" srcset=\"https:\/\/www.nano-ceramic.com\/wp-content\/uploads\/2026\/01\/fluoropolymer-antifouling-paint-909x1024.png 909w, https:\/\/www.nano-ceramic.com\/wp-content\/uploads\/2026\/01\/fluoropolymer-antifouling-paint-266x300.png 266w, https:\/\/www.nano-ceramic.com\/wp-content\/uploads\/2026\/01\/fluoropolymer-antifouling-paint-768x865.png 768w, https:\/\/www.nano-ceramic.com\/wp-content\/uploads\/2026\/01\/fluoropolymer-antifouling-paint.png 944w\" sizes=\"(max-width: 800px) 100vw, 800px\" \/>\t\t\t\t\t\t\t\t\t\t\t\t\t\t\t<\/div>\n\t\t\t\t<\/div>\n\t\t<div class=\"elementor-element elementor-element-1227468 e-con-full e-flex e-con e-child\" data-id=\"1227468\" data-element_type=\"container\">\n\t\t\t\t<div class=\"elementor-element elementor-element-a97a726 elementor-widget elementor-widget-text-editor\" data-id=\"a97a726\" data-element_type=\"widget\" data-widget_type=\"text-editor.default\">\n\t\t\t\t\t\t\t\t\t<p style=\"text-align: left;\" data-start=\"106\" data-end=\"389\">Em outubro de 2019, a <strong data-start=\"128\" data-end=\"145\">NANO\u2013CERAMIC\u00ae<\/strong> estabeleceu uma parceria com a <strong data-start=\"177\" data-end=\"203\">PT V-Kool Indo Lestari<\/strong>, assegurando o suporte financeiro necess\u00e1rio para reduzir ainda mais os custos de produ\u00e7\u00e3o e apoiar o seu objetivo estrat\u00e9gico de expandir o neg\u00f3cio e tornar-se um interveniente global.<\/p><p style=\"text-align: left;\" data-start=\"391\" data-end=\"840\">No prazo de cinco anos ap\u00f3s a sua funda\u00e7\u00e3o, a <strong data-start=\"437\" data-end=\"454\">NANO\u2013CERAMIC\u00ae<\/strong> tornou-se amplamente reconhecida no setor pelo seu servi\u00e7o incompar\u00e1vel, pelos seus produtos de alta qualidade e pela sua capacidade de gerar receitas para a sua base de clientes profissionais. A <strong data-start=\"651\" data-end=\"668\">NANO\u2013CERAMIC\u00ae<\/strong> continuar\u00e1 a refor\u00e7ar o seu portef\u00f3lio de produtos e a oferecer valor acrescentado atrav\u00e9s do desenvolvimento e da disponibiliza\u00e7\u00e3o de solu\u00e7\u00f5es de revestimento inovadoras.<\/p>\t\t\t\t\t\t\t\t<\/div>\n\t\t\t\t<\/div>\n\t\t\t\t\t<\/div>\n\t\t\t\t<\/div>\n\t\t<div class=\"elementor-element elementor-element-51b9715 e-flex e-con-boxed e-con e-parent\" data-id=\"51b9715\" data-element_type=\"container\">\n\t\t\t\t\t<div class=\"e-con-inner\">\n\t\t\t\t<div class=\"elementor-element elementor-element-a6b8130 elementor-widget-divider--view-line elementor-widget elementor-widget-divider\" data-id=\"a6b8130\" data-element_type=\"widget\" data-widget_type=\"divider.default\">\n\t\t\t\t\t\t\t<div class=\"elementor-divider\">\n\t\t\t<span class=\"elementor-divider-separator\">\n\t\t\t\t\t\t<\/span>\n\t\t<\/div>\n\t\t\t\t\t\t<\/div>\n\t\t\t\t\t<\/div>\n\t\t\t\t<\/div>\n\t\t<div class=\"elementor-element elementor-element-b61addc e-flex e-con-boxed e-con e-parent\" data-id=\"b61addc\" data-element_type=\"container\">\n\t\t\t\t\t<div class=\"e-con-inner\">\n\t\t<div class=\"elementor-element elementor-element-beb9e7e e-con-full e-flex e-con e-child\" data-id=\"beb9e7e\" data-element_type=\"container\">\n\t\t\t\t<div class=\"elementor-element elementor-element-b4ff941 elementor-widget elementor-widget-text-editor\" data-id=\"b4ff941\" data-element_type=\"widget\" data-widget_type=\"text-editor.default\">\n\t\t\t\t\t\t\t\t\t<p style=\"text-align: left;\" data-start=\"127\" data-end=\"480\">Todos os nossos produtos s\u00e3o fabricados na nossa unidade de produ\u00e7\u00e3o em <strong data-start=\"199\" data-end=\"221\">Jacarta, Indon\u00e9sia<\/strong>, de acordo com os mais elevados padr\u00f5es de qualidade e utilizando os melhores materiais, maioritariamente provenientes da <strong data-start=\"344\" data-end=\"356\">Alemanha<\/strong>, bem como de outras regi\u00f5es do mundo. A <strong data-start=\"397\" data-end=\"414\">NANO\u2013CERAMIC\u00ae<\/strong> nunca compromete o desempenho nem a excel\u00eancia dos seus produtos.<\/p><p style=\"text-align: left;\" data-start=\"482\" data-end=\"890\">Sempre que poss\u00edvel, utilizamos ingredientes verdes, org\u00e2nicos ou naturais. As nossas instala\u00e7\u00f5es de I&amp;D, produ\u00e7\u00e3o e enchimento s\u00e3o alvo de investimento cont\u00ednuo, o que nos permite fornecer produtos consistentes e de alta qualidade, ao mesmo tempo que ampliamos os limites da nossa ind\u00fastria. Desta forma, disponibilizamos aos nossos clientes as tecnologias mais recentes dispon\u00edveis nos respetivos mercados.<\/p><hr data-start=\"812\" data-end=\"815\" \/><h3 data-start=\"817\" data-end=\"838\">\u00a0<\/h3>\t\t\t\t\t\t\t\t<\/div>\n\t\t\t\t<\/div>\n\t\t<div class=\"elementor-element elementor-element-4f8f777 e-con-full e-flex e-con e-child\" data-id=\"4f8f777\" data-element_type=\"container\">\n\t\t\t\t<div class=\"elementor-element elementor-element-03c191f elementor-widget elementor-widget-image\" data-id=\"03c191f\" data-element_type=\"widget\" data-widget_type=\"image.default\">\n\t\t\t\t\t\t\t\t\t\t\t\t\t\t\t<img decoding=\"async\" width=\"800\" height=\"524\" src=\"https:\/\/www.nano-ceramic.com\/wp-content\/uploads\/2026\/01\/y.jpg\" class=\"attachment-large size-large wp-image-6599\" alt=\"\" srcset=\"https:\/\/www.nano-ceramic.com\/wp-content\/uploads\/2026\/01\/y.jpg 824w, https:\/\/www.nano-ceramic.com\/wp-content\/uploads\/2026\/01\/y-300x197.jpg 300w, https:\/\/www.nano-ceramic.com\/wp-content\/uploads\/2026\/01\/y-768x503.jpg 768w\" sizes=\"(max-width: 800px) 100vw, 800px\" \/>\t\t\t\t\t\t\t\t\t\t\t\t\t\t\t<\/div>\n\t\t\t\t<\/div>\n\t\t\t\t\t<\/div>\n\t\t\t\t<\/div>\n\t\t<div class=\"elementor-element elementor-element-2ad0757 e-flex e-con-boxed e-con e-parent\" data-id=\"2ad0757\" data-element_type=\"container\">\n\t\t\t\t\t<div class=\"e-con-inner\">\n\t\t\t\t<div class=\"elementor-element elementor-element-7aeb517 elementor-widget-divider--view-line elementor-widget elementor-widget-divider\" data-id=\"7aeb517\" data-element_type=\"widget\" data-widget_type=\"divider.default\">\n\t\t\t\t\t\t\t<div class=\"elementor-divider\">\n\t\t\t<span class=\"elementor-divider-separator\">\n\t\t\t\t\t\t<\/span>\n\t\t<\/div>\n\t\t\t\t\t\t<\/div>\n\t\t\t\t\t<\/div>\n\t\t\t\t<\/div>\n\t\t<div class=\"elementor-element elementor-element-b9f487a e-flex e-con-boxed e-con e-parent\" data-id=\"b9f487a\" data-element_type=\"container\">\n\t\t\t\t\t<div class=\"e-con-inner\">\n\t\t<div class=\"elementor-element elementor-element-acca17c e-con-full e-flex e-con e-child\" data-id=\"acca17c\" data-element_type=\"container\">\n\t\t\t\t<div class=\"elementor-element elementor-element-58bec69 elementor-widget elementor-widget-image\" data-id=\"58bec69\" data-element_type=\"widget\" data-widget_type=\"image.default\">\n\t\t\t\t\t\t\t\t\t\t\t\t\t\t\t<img loading=\"lazy\" decoding=\"async\" width=\"800\" height=\"524\" src=\"https:\/\/www.nano-ceramic.com\/wp-content\/uploads\/2026\/01\/v-1.jpg\" class=\"attachment-large size-large wp-image-6596\" alt=\"\" srcset=\"https:\/\/www.nano-ceramic.com\/wp-content\/uploads\/2026\/01\/v-1.jpg 824w, https:\/\/www.nano-ceramic.com\/wp-content\/uploads\/2026\/01\/v-1-300x197.jpg 300w, https:\/\/www.nano-ceramic.com\/wp-content\/uploads\/2026\/01\/v-1-768x503.jpg 768w\" sizes=\"(max-width: 800px) 100vw, 800px\" \/>\t\t\t\t\t\t\t\t\t\t\t\t\t\t\t<\/div>\n\t\t\t\t<\/div>\n\t\t<div class=\"elementor-element elementor-element-6324559 e-con-full e-flex e-con e-child\" data-id=\"6324559\" data-element_type=\"container\">\n\t\t\t\t<div class=\"elementor-element elementor-element-3db1de3 elementor-widget elementor-widget-heading\" data-id=\"3db1de3\" data-element_type=\"widget\" data-widget_type=\"heading.default\">\n\t\t\t\t\t<h2 class=\"elementor-heading-title elementor-size-default\">DELIVERY TIMES<\/h2>\t\t\t\t<\/div>\n\t\t\t\t<div class=\"elementor-element elementor-element-ce47fd9 elementor-widget elementor-widget-text-editor\" data-id=\"ce47fd9\" data-element_type=\"widget\" data-widget_type=\"text-editor.default\">\n\t\t\t\t\t\t\t\t\t<p style=\"text-align: left;\" data-start=\"119\" data-end=\"380\">O nosso objetivo \u00e9 processar e expedir todas as encomendas no prazo de <strong data-start=\"190\" data-end=\"211\">7 a 14 dias \u00fateis<\/strong>, dependendo do produto e dos requisitos de embalagem. O atendimento ao cliente \u00e9 a nossa principal prioridade, e esfor\u00e7amo-nos sempre por ser o mais flex\u00edveis poss\u00edvel.<\/p><p style=\"text-align: left;\" data-start=\"382\" data-end=\"477\">Sempre que poss\u00edvel, adaptamos os nossos prazos de entrega \u00e0s necessidades dos nossos clientes.<\/p><p style=\"text-align: left;\" data-start=\"479\" data-end=\"517\"><strong data-start=\"479\" data-end=\"517\">EQUIPA NANO-CERAMIC\u00ae INTERNACIONAL<\/strong><\/p>\t\t\t\t\t\t\t\t<\/div>\n\t\t\t\t<\/div>\n\t\t\t\t\t<\/div>\n\t\t\t\t<\/div>\n\t\t\t\t<\/div>\n\t\t","protected":false},"excerpt":{"rendered":"<p>Sobre n\u00f3s A NANO\u2013CERAMIC\u00ae esteve originalmente associada a uma empresa alem\u00e3 de revestimentos industriais OEM. Em 2014, a empresa transferiu-se para a Indon\u00e9sia para atender o mercado asi\u00e1tico. Devido ao forte interesse do mercado e ao sucesso inicial, a NANO\u2013CERAMIC\u00ae estabeleceu a sua primeira linha de produ\u00e7\u00e3o em 2015, introduzindo uma gama de produtos voltados [&hellip;]<\/p>\n","protected":false},"author":1,"featured_media":0,"parent":0,"menu_order":0,"comment_status":"closed","ping_status":"closed","template":"elementor_header_footer","meta":{"footnotes":""},"class_list":["post-2364","page","type-page","status-publish","hentry"],"_links":{"self":[{"href":"https:\/\/www.nano-ceramic.com\/pt-pt\/wp-json\/wp\/v2\/pages\/2364","targetHints":{"allow":["GET"]}}],"collection":[{"href":"https:\/\/www.nano-ceramic.com\/pt-pt\/wp-json\/wp\/v2\/pages"}],"about":[{"href":"https:\/\/www.nano-ceramic.com\/pt-pt\/wp-json\/wp\/v2\/types\/page"}],"author":[{"embeddable":true,"href":"https:\/\/www.nano-ceramic.com\/pt-pt\/wp-json\/wp\/v2\/users\/1"}],"replies":[{"embeddable":true,"href":"https:\/\/www.nano-ceramic.com\/pt-pt\/wp-json\/wp\/v2\/comments?post=2364"}],"version-history":[{"count":3,"href":"https:\/\/www.nano-ceramic.com\/pt-pt\/wp-json\/wp\/v2\/pages\/2364\/revisions"}],"predecessor-version":[{"id":8476,"href":"https:\/\/www.nano-ceramic.com\/pt-pt\/wp-json\/wp\/v2\/pages\/2364\/revisions\/8476"}],"wp:attachment":[{"href":"https:\/\/www.nano-ceramic.com\/pt-pt\/wp-json\/wp\/v2\/media?parent=2364"}],"curies":[{"name":"wp","href":"https:\/\/api.w.org\/{rel}","templated":true}]}}