{"id":3179,"date":"2026-01-05T06:13:47","date_gmt":"2026-01-05T06:13:47","guid":{"rendered":"https:\/\/www.nano-ceramic.com\/e-warranty\/"},"modified":"2026-02-25T19:04:21","modified_gmt":"2026-02-25T19:04:21","slug":"e-warranty","status":"publish","type":"page","link":"https:\/\/www.nano-ceramic.com\/pt-pt\/e-warranty\/","title":{"rendered":"E-Warranty"},"content":{"rendered":"\t\t<div data-elementor-type=\"wp-page\" data-elementor-id=\"3179\" class=\"elementor elementor-3179 elementor-28\">\n\t\t\t\t<div class=\"elementor-element elementor-element-035c50c e-flex e-con-boxed e-con e-parent\" data-id=\"035c50c\" data-element_type=\"container\">\n\t\t\t\t\t<div class=\"e-con-inner\">\n\t\t<div class=\"elementor-element elementor-element-e9d384a e-con-full e-flex elementor-invisible e-con e-child\" data-id=\"e9d384a\" data-element_type=\"container\" data-settings=\"{&quot;animation&quot;:&quot;slideInUp&quot;}\">\n\t\t\t\t<div class=\"elementor-element elementor-element-e428f41 elementor-widget elementor-widget-heading\" data-id=\"e428f41\" data-element_type=\"widget\" data-widget_type=\"heading.default\">\n\t\t\t\t\t<h4 class=\"elementor-heading-title elementor-size-default\">E-Garantia  Automotiva<\/h4>\t\t\t\t<\/div>\n\t\t\t\t<div class=\"elementor-element elementor-element-27adac4 elementor-widget elementor-widget-text-editor\" data-id=\"27adac4\" data-element_type=\"widget\" data-widget_type=\"text-editor.default\">\n\t\t\t\t\t\t\t\t\t<p data-start=\"48\" data-end=\"386\">Uma vez que um instalador profissional tenha tratado seu ve\u00edculo com <strong data-start=\"117\" data-end=\"137\">Renew Gloss SIO1<\/strong> ou <strong data-start=\"141\" data-end=\"167\">Gorilla Base-Coat SIBC<\/strong>, em combina\u00e7\u00e3o com <strong data-start=\"187\" data-end=\"210\">Wet Look Gloss SIO3<\/strong>, <strong data-start=\"212\" data-end=\"234\">Diamond Gloss SIO5<\/strong> ou <strong data-start=\"238\" data-end=\"261\">Trinity Fusion SIOY<\/strong>, o revestimento cer\u00e2mico aplicado proporcionar\u00e1 durabilidade de <strong data-start=\"326\" data-end=\"348\">1, 3, 5 ou 10 anos<\/strong>, dependendo do sistema selecionado.<\/p><p data-start=\"388\" data-end=\"571\">Desde que voc\u00ea siga nosso <strong data-start=\"414\" data-end=\"480\">Programa de Manuten\u00e7\u00e3o Peri\u00f3dica After Car Care a cada 3 meses<\/strong>, a <strong data-start=\"484\" data-end=\"501\">NANO-CERAMIC\u00ae<\/strong> conceder\u00e1 a garantia de <strong data-start=\"526\" data-end=\"548\">1, 3, 5 ou 10 anos<\/strong>, conforme aplic\u00e1vel.<\/p><p data-start=\"573\" data-end=\"884\">Se voc\u00ea optar por participar deste programa de manuten\u00e7\u00e3o, certifique-se de que seu instalador aprovado preencha o formul\u00e1rio necess\u00e1rio, envie toda a documenta\u00e7\u00e3o de aplica\u00e7\u00e3o e etapas de trabalho, e a submeta \u00e0 <strong data-start=\"786\" data-end=\"803\">NANO-CERAMIC\u00ae<\/strong>. Uma c\u00f3pia da submiss\u00e3o ser\u00e1 enviada para o seu endere\u00e7o de e-mail cadastrado.<\/p><p data-start=\"886\" data-end=\"1165\">Esteja ciente de que alguns instaladores podem fazer afirma\u00e7\u00f5es irreais, como declarar que o revestimento \u00e9 \u00e0 prova de balas ou oferecer garantia vital\u00edcia. Essas alega\u00e7\u00f5es n\u00e3o s\u00e3o precisas e podem ser verificadas revisando cuidadosamente os termos das declara\u00e7\u00f5es de garantia.<\/p><p data-start=\"1167\" data-end=\"1478\">Para manter seu ve\u00edculo em condi\u00e7\u00f5es \u00f3timas, compar\u00e1veis ao estado imediatamente ap\u00f3s a aplica\u00e7\u00e3o, a manuten\u00e7\u00e3o adequada \u00e9 essencial. Igualmente importante \u00e9 o uso de <strong data-start=\"1334\" data-end=\"1370\">produtos de manuten\u00e7\u00e3o aprovados<\/strong>. Consulte as recomenda\u00e7\u00f5es de manuten\u00e7\u00e3o nas p\u00e1ginas finais do nosso <strong data-start=\"1440\" data-end=\"1463\">Cat\u00e1logo do Cliente<\/strong> (p\u00e1gina 12).<\/p><hr data-start=\"1480\" data-end=\"1483\" \/><p data-start=\"1485\" data-end=\"1647\" data-is-last-node=\"\" data-is-only-node=\"\">\u00a0<\/p>\t\t\t\t\t\t\t\t<\/div>\n\t\t\t\t<\/div>\n\t\t<div class=\"elementor-element elementor-element-9dcb040 e-con-full e-flex e-con e-child\" data-id=\"9dcb040\" data-element_type=\"container\">\n\t\t\t\t<div class=\"elementor-element elementor-element-44d34b8 elementor-widget elementor-widget-shortcode\" data-id=\"44d34b8\" data-element_type=\"widget\" data-widget_type=\"shortcode.default\">\n\t\t\t\t\t\t\t<div class=\"elementor-shortcode\">\n<div class=\"wpcf7 no-js\" id=\"wpcf7-f14067-o1\" lang=\"pt-PT\" dir=\"ltr\" data-wpcf7-id=\"14067\">\n<div class=\"screen-reader-response\"><p role=\"status\" aria-live=\"polite\" aria-atomic=\"true\"><\/p> <ul><\/ul><\/div>\n<form action=\"\/pt-pt\/wp-json\/wp\/v2\/pages\/3179#wpcf7-f14067-o1\" method=\"post\" class=\"wpcf7-form init\" aria-label=\"Formul\u00e1rio de contacto\" enctype=\"multipart\/form-data\" novalidate=\"novalidate\" data-status=\"init\">\n<fieldset class=\"hidden-fields-container\"><input type=\"hidden\" name=\"_wpcf7\" value=\"14067\" \/><input type=\"hidden\" name=\"_wpcf7_version\" value=\"6.1.4\" \/><input type=\"hidden\" name=\"_wpcf7_locale\" value=\"pt_PT\" \/><input type=\"hidden\" name=\"_wpcf7_unit_tag\" value=\"wpcf7-f14067-o1\" \/><input type=\"hidden\" name=\"_wpcf7_container_post\" value=\"0\" \/><input type=\"hidden\" name=\"_wpcf7_posted_data_hash\" value=\"\" \/>\n<\/fieldset>\n<div class=\"hazel-form-simple\">\n\t<div class=\"form_row\">\n\t\t<div class=\"f-half\">\n\t\t\t<p><span class=\"wpcf7-form-control-wrap\" data-name=\"your-name\"><input size=\"40\" maxlength=\"400\" class=\"wpcf7-form-control wpcf7-text wpcf7-validates-as-required\" aria-required=\"true\" aria-invalid=\"false\" placeholder=\"Digite o nome completo\" value=\"\" type=\"text\" name=\"your-name\" \/><\/span>\n\t\t\t<\/p>\n\t\t<\/div>\n\t\t<div class=\"f-half\">\n\t\t\t<p><span class=\"wpcf7-form-control-wrap\" data-name=\"your-email\"><input size=\"40\" maxlength=\"400\" class=\"wpcf7-form-control wpcf7-email wpcf7-validates-as-required wpcf7-text wpcf7-validates-as-email\" aria-required=\"true\" aria-invalid=\"false\" placeholder=\"Digite o e-mail\" value=\"\" type=\"email\" name=\"your-email\" \/><\/span>\n\t\t\t<\/p>\n\t\t<\/div>\n\t<\/div>\n\t<div class=\"form_row\">\n\t\t<div class=\"f-half\">\n\t\t\t<p><span class=\"wpcf7-form-control-wrap\" data-name=\"your-address\"><input size=\"40\" maxlength=\"400\" class=\"wpcf7-form-control wpcf7-text wpcf7-validates-as-required\" aria-required=\"true\" aria-invalid=\"false\" placeholder=\"Digite o endere\u00e7o\" value=\"\" type=\"text\" name=\"your-address\" \/><\/span>\n\t\t\t<\/p>\n\t\t<\/div>\n\t\t<div class=\"f-half\">\n\t\t\t<p><span class=\"wpcf7-form-control-wrap\" data-name=\"your-phone\"><input size=\"40\" maxlength=\"400\" class=\"wpcf7-form-control wpcf7-text wpcf7-validates-as-required\" aria-required=\"true\" aria-invalid=\"false\" placeholder=\"Digite o n\u00famero de telefone\" value=\"\" type=\"text\" name=\"your-phone\" \/><\/span>\n\t\t\t<\/p>\n\t\t<\/div>\n\t<\/div>\n\t<div class=\"form_row\">\n\t\t<div class=\"f-half\">\n\t\t\t<p><span class=\"wpcf7-form-control-wrap\" data-name=\"your-carbrand\"><input size=\"40\" maxlength=\"400\" class=\"wpcf7-form-control wpcf7-text wpcf7-validates-as-required\" aria-required=\"true\" aria-invalid=\"false\" placeholder=\"Digite a marca do carro\" value=\"\" type=\"text\" name=\"your-carbrand\" \/><\/span>\n\t\t\t<\/p>\n\t\t<\/div>\n\t\t<div class=\"f-half\">\n\t\t\t<p><span class=\"wpcf7-form-control-wrap\" data-name=\"your-series\"><input size=\"40\" maxlength=\"400\" class=\"wpcf7-form-control wpcf7-text wpcf7-validates-as-required\" aria-required=\"true\" aria-invalid=\"false\" placeholder=\"Digite a s\u00e9rie do carro\" value=\"\" type=\"text\" name=\"your-series\" \/><\/span>\n\t\t\t<\/p>\n\t\t<\/div>\n\t<\/div>\n\t<div class=\"form_row\">\n\t\t<div class=\"f-half\">\n\t\t\t<p><span class=\"wpcf7-form-control-wrap\" data-name=\"your-phone\"><input size=\"40\" maxlength=\"400\" class=\"wpcf7-form-control wpcf7-text wpcf7-validates-as-required\" aria-required=\"true\" aria-invalid=\"false\" placeholder=\"Digite a cor do carro\" value=\"\" type=\"text\" name=\"your-phone\" \/><\/span>\n\t\t\t<\/p>\n\t\t<\/div>\n\t\t<div class=\"f-half\">\n\t\t\t<p><span class=\"wpcf7-form-control-wrap\" data-name=\"cartype\"><select class=\"wpcf7-form-control wpcf7-select\" aria-invalid=\"false\" name=\"cartype\"><option value=\"\">Tipo de Revestimento<\/option><option value=\"SIO1(0\/L)KIT\">SIO1(0\/L)KIT<\/option><option value=\"SIO3(0\/L)KIT\">SIO3(0\/L)KIT<\/option><option value=\"SIO5(0\/L)KIT\">SIO5(0\/L)KIT<\/option><option value=\"SIOY(L)KIT\">SIOY(L)KIT<\/option><\/select><\/span>\n\t\t\t<\/p>\n\t\t<\/div>\n\t<\/div>\n\t<div class=\"form_row\">\n\t\t<p>Aviso: Apenas tratamentos com kits completos s\u00e3o permitidos e SIO3 e SIO5 devem ser aplicados em combina\u00e7\u00e3o com SIBC\n\t\t<\/p>\n\t<\/div>\n<\/div>\n<div class=\"form_row\">\n\t<div class=\"f-half\">\n\t\t<p><span class=\"wpcf7-form-control-wrap\" data-name=\"your-warantycode\"><input size=\"40\" maxlength=\"400\" class=\"wpcf7-form-control wpcf7-text wpcf7-validates-as-required\" aria-required=\"true\" aria-invalid=\"false\" placeholder=\"Digite o c\u00f3digo da garantia\" value=\"\" type=\"text\" name=\"your-warantycode\" \/><\/span>\n\t\t<\/p>\n\t<\/div>\n\t<div class=\"f-half cf7-floating\">\n\t\t<p><span class=\"wpcf7-form-control-wrap\" data-name=\"applicationdate\"><input class=\"wpcf7-form-control wpcf7-date wpcf7-validates-as-required wpcf7-validates-as-date\" aria-required=\"true\" aria-invalid=\"false\" placeholder=\"Data da aplica\u00e7\u00e3o\" value=\"\" type=\"date\" name=\"applicationdate\" \/><\/span><br \/>\n<label for=\"appDate\">dd-mm-aaaa<\/label>\n\t\t<\/p>\n\t<\/div>\n<\/div>\n<div class=\"form_row\">\n\t<div class=\"f-half\">\n\t\t<p><span class=\"wpcf7-form-control-wrap\" data-name=\"your-installername\"><input size=\"40\" maxlength=\"400\" class=\"wpcf7-form-control wpcf7-text wpcf7-validates-as-required\" aria-required=\"true\" aria-invalid=\"false\" placeholder=\"Digite o nome do instalador\" value=\"\" type=\"text\" name=\"your-installername\" \/><\/span>\n\t\t<\/p>\n\t<\/div>\n\t<div class=\"f-half\">\n\t\t<p><span class=\"wpcf7-form-control-wrap\" data-name=\"your-installerphone\"><input size=\"40\" maxlength=\"400\" class=\"wpcf7-form-control wpcf7-text wpcf7-validates-as-required\" aria-required=\"true\" aria-invalid=\"false\" placeholder=\"Digite o telefone do instalador\" value=\"\" type=\"text\" name=\"your-installerphone\" \/><\/span>\n\t\t<\/p>\n\t<\/div>\n<\/div>\n<div class=\"form_row\">\n\t<div class=\"f-half\">\n\t\t<p><span class=\"wpcf7-form-control-wrap\" data-name=\"your-installercity\"><input size=\"40\" maxlength=\"400\" class=\"wpcf7-form-control wpcf7-text\" aria-invalid=\"false\" placeholder=\"Digite a cidade do instalador\" value=\"\" type=\"text\" name=\"your-installercity\" \/><\/span>\n\t\t<\/p>\n\t<\/div>\n\t<div class=\"f-half\">\n\t\t<p><span class=\"wpcf7-form-control-wrap\" data-name=\"UploadCompanyStamp\"><input size=\"40\" class=\"wpcf7-form-control wpcf7-file custom-file-input\" accept=\".png,.jpg,.jpeg,.webp,.pdf,.doc,.docx\" aria-invalid=\"false\" type=\"file\" name=\"UploadCompanyStamp\" \/><\/span>\n\t\t<\/p>\n\t<\/div>\n<\/div>\n<div class=\"form_row\">\n\t<div class=\"bt-contact\">\n\t\t<p><a class=\"button-dark\"  href=\"\"><span><input class=\"wpcf7-form-control wpcf7-submit has-spinner\" type=\"submit\" value=\"Enviar\" \/><\/span><\/a>\n\t\t<\/p>\n\t<\/div>\n<\/div>\n<div class=\"wpcf7-response-output\" aria-hidden=\"true\"><\/div>\n<\/form>\n<\/div>\n<\/div>\n\t\t\t\t\t\t<\/div>\n\t\t\t\t<\/div>\n\t\t\t\t\t<\/div>\n\t\t\t\t<\/div>\n\t\t<div class=\"elementor-element elementor-element-900a7a3 e-flex e-con-boxed e-con e-parent\" data-id=\"900a7a3\" data-element_type=\"container\">\n\t\t\t\t\t<div class=\"e-con-inner\">\n\t\t\t\t<div class=\"elementor-element elementor-element-97c5845 elementor-widget elementor-widget-text-editor\" data-id=\"97c5845\" data-element_type=\"widget\" data-widget_type=\"text-editor.default\">\n\t\t\t\t\t\t\t\t\t<p>Lorem ipsum dolor sit amet, consectetur adipiscing elit. Ut elit tellus, luctus nec ullamcorper mattis, pulvinar dapibus leo.<\/p>\t\t\t\t\t\t\t\t<\/div>\n\t\t\t\t\t<\/div>\n\t\t\t\t<\/div>\n\t\t\t\t<\/div>\n\t\t","protected":false},"excerpt":{"rendered":"<p>E-Garantia Automotiva Uma vez que um instalador profissional tenha tratado seu ve\u00edculo com Renew Gloss SIO1 ou Gorilla Base-Coat SIBC, em combina\u00e7\u00e3o com Wet Look Gloss SIO3, Diamond Gloss SIO5 ou Trinity Fusion SIOY, o revestimento cer\u00e2mico aplicado proporcionar\u00e1 durabilidade de 1, 3, 5 ou 10 anos, dependendo do sistema selecionado. Desde que voc\u00ea siga [&hellip;]<\/p>\n","protected":false},"author":1,"featured_media":0,"parent":0,"menu_order":0,"comment_status":"closed","ping_status":"closed","template":"elementor_header_footer","meta":{"footnotes":""},"class_list":["post-3179","page","type-page","status-publish","hentry"],"_links":{"self":[{"href":"https:\/\/www.nano-ceramic.com\/pt-pt\/wp-json\/wp\/v2\/pages\/3179","targetHints":{"allow":["GET"]}}],"collection":[{"href":"https:\/\/www.nano-ceramic.com\/pt-pt\/wp-json\/wp\/v2\/pages"}],"about":[{"href":"https:\/\/www.nano-ceramic.com\/pt-pt\/wp-json\/wp\/v2\/types\/page"}],"author":[{"embeddable":true,"href":"https:\/\/www.nano-ceramic.com\/pt-pt\/wp-json\/wp\/v2\/users\/1"}],"replies":[{"embeddable":true,"href":"https:\/\/www.nano-ceramic.com\/pt-pt\/wp-json\/wp\/v2\/comments?post=3179"}],"version-history":[{"count":18,"href":"https:\/\/www.nano-ceramic.com\/pt-pt\/wp-json\/wp\/v2\/pages\/3179\/revisions"}],"predecessor-version":[{"id":14070,"href":"https:\/\/www.nano-ceramic.com\/pt-pt\/wp-json\/wp\/v2\/pages\/3179\/revisions\/14070"}],"wp:attachment":[{"href":"https:\/\/www.nano-ceramic.com\/pt-pt\/wp-json\/wp\/v2\/media?parent=3179"}],"curies":[{"name":"wp","href":"https:\/\/api.w.org\/{rel}","templated":true}]}}